{"id":270840,"date":"2023-07-13T18:18:32","date_gmt":"2023-07-13T16:18:32","guid":{"rendered":"https:\/\/petrymobil.lu\/ueber-uns\/"},"modified":"2025-06-13T16:14:34","modified_gmt":"2025-06-13T14:14:34","slug":"ueber-uns","status":"publish","type":"page","link":"https:\/\/petrymobil.lu\/de\/ueber-uns\/","title":{"rendered":"\u00dcber uns"},"content":{"rendered":"<p>[et_pb_section fb_built=&#8220;1&#8243; _builder_version=&#8220;4.21.0&#8243; _module_preset=&#8220;default&#8220; background_image=&#8220;https:\/\/petrymobil.lu\/wp-content\/uploads\/2023\/07\/Petrymobil-apropos-hero.jpg&#8220; custom_margin=&#8220;2%|2.3%||2.3%|false|true&#8220; border_radii=&#8220;on|10px|10px|10px|10px&#8220; global_colors_info=&#8220;{}&#8220;][et_pb_row _builder_version=&#8220;4.21.0&#8243; _module_preset=&#8220;default&#8220; width=&#8220;100%&#8220; max_width=&#8220;100%&#8220; custom_margin=&#8220;||||false|false&#8220; global_colors_info=&#8220;{}&#8220;][et_pb_column type=&#8220;4_4&#8243; _builder_version=&#8220;4.21.0&#8243; _module_preset=&#8220;default&#8220; global_colors_info=&#8220;{}&#8220;][et_pb_text _builder_version=&#8220;4.21.0&#8243; _module_preset=&#8220;default&#8220; text_font=&#8220;Lato|700|||||||&#8220; text_text_color=&#8220;#FFFFFF&#8220; text_font_size=&#8220;56px&#8220; header_font=&#8220;|700|||||||&#8220; header_text_align=&#8220;left&#8220; header_text_color=&#8220;#FFFFFF&#8220; header_font_size=&#8220;50px&#8220; custom_margin=&#8220;|||13%|false|false&#8220; custom_margin_tablet=&#8220;||||false|false&#8220; custom_margin_last_edited=&#8220;off|tablet&#8220; header_font_size_tablet=&#8220;40px&#8220; header_font_size_phone=&#8220;30px&#8220; header_font_size_last_edited=&#8220;on|desktop&#8220; global_colors_info=&#8220;{}&#8220;]<\/p>\n<h1>\u00dcber Petrymobil<\/h1>\n<p>[\/et_pb_text][et_pb_text _builder_version=&#8220;4.21.0&#8243; _module_preset=&#8220;default&#8220; text_font=&#8220;Poppins|500|||||||&#8220; text_text_color=&#8220;#FFFFFF&#8220; text_font_size=&#8220;22px&#8220; custom_margin=&#8220;|45%||13%|false|false&#8220; custom_margin_tablet=&#8220;|13%|||false|false&#8220; custom_margin_phone=&#8220;|13%||13%|false|false&#8220; custom_margin_last_edited=&#8220;on|tablet&#8220; global_colors_info=&#8220;{}&#8220;]<\/p>\n<p>Petrymobil ist Ihr Peugeot-, Citro\u00ebn-, DS- und Opel-Autoretailer in Luxemburg.<br \/>Mit vier Standorten sind wir f\u00fcr Sie da, um Sie zu empfangen und zu beraten.<\/p>\n<p>[\/et_pb_text][et_pb_button button_url=&#8220;@ET-DC@eyJkeW5hbWljIjp0cnVlLCJjb250ZW50IjoicG9zdF9saW5rX3VybF9wYWdlIiwic2V0dGluZ3MiOnsicG9zdF9pZCI6IjUxNTQifX0=@&#8220; button_text=&#8220;Kontact&#8220; _builder_version=&#8220;4.21.0&#8243; _dynamic_attributes=&#8220;button_url&#8220; _module_preset=&#8220;default&#8220; custom_button=&#8220;on&#8220; button_text_size=&#8220;18px&#8220; button_text_color=&#8220;#FFFFFF&#8220; button_border_width=&#8220;1px&#8220; button_border_radius=&#8220;10px&#8220; custom_margin=&#8220;|8%|7%|13%|false|false&#8220; custom_padding=&#8220;0px||0px||true|false&#8220; global_colors_info=&#8220;{}&#8220;][\/et_pb_button][\/et_pb_column][\/et_pb_row][\/et_pb_section][et_pb_section fb_built=&#8220;1&#8243; _builder_version=&#8220;4.21.0&#8243; _module_preset=&#8220;default&#8220; custom_margin=&#8220;0px|2%||2%|false|true&#8220; custom_padding=&#8220;2px||0px|||&#8220; global_colors_info=&#8220;{}&#8220;][et_pb_row column_structure=&#8220;1_2,1_2&#8243; use_custom_gutter=&#8220;on&#8220; gutter_width=&#8220;1&#8243; make_equal=&#8220;on&#8220; _builder_version=&#8220;4.21.0&#8243; _module_preset=&#8220;default&#8220; width=&#8220;100%&#8220; max_width=&#8220;100%&#8220; custom_padding=&#8220;||10px|||&#8220; global_colors_info=&#8220;{}&#8220;][et_pb_column type=&#8220;1_2&#8243; disabled_on=&#8220;on|on|off&#8220; _builder_version=&#8220;4.21.0&#8243; _module_preset=&#8220;default&#8220; background_image=&#8220;https:\/\/petrymobil.lu\/wp-content\/uploads\/2023\/10\/a-propos-Petrymobil-scaled.jpg&#8220; border_radii=&#8220;off|10px|||10px&#8220; global_colors_info=&#8220;{}&#8220;][\/et_pb_column][et_pb_column type=&#8220;1_2&#8243; _builder_version=&#8220;4.21.0&#8243; _module_preset=&#8220;default&#8220; background_enable_color=&#8220;off&#8220; background_image=&#8220;https:\/\/petrymobil.lu\/wp-content\/uploads\/2023\/07\/Petrymobil-Texte-a-propos-ok.jpg&#8220; custom_padding=&#8220;3%||3%||true|false&#8220; border_radii=&#8220;off||10px|10px|&#8220; global_colors_info=&#8220;{}&#8220;][et_pb_text _builder_version=&#8220;4.21.0&#8243; _module_preset=&#8220;default&#8220; text_font=&#8220;|600|||||||&#8220; text_text_color=&#8220;#2d4160&#8243; text_font_size=&#8220;40px&#8220; text_line_height=&#8220;1.2em&#8220; header_2_font_size=&#8220;30px&#8220; custom_padding=&#8220;8%|8%|3%|8%|false|true&#8220; global_colors_info=&#8220;{}&#8220;]<\/p>\n<h2>Wer sind wir?<\/h2>\n<p>[\/et_pb_text][et_pb_text _builder_version=&#8220;4.21.0&#8243; _module_preset=&#8220;default&#8220; text_font=&#8220;Poppins||||||||&#8220; text_text_color=&#8220;#2d4160&#8243; custom_margin=&#8220;|8%||8%|false|true&#8220; custom_padding=&#8220;||8%||false|false&#8220; global_colors_info=&#8220;{}&#8220;]<\/p>\n<p>Tauchen Sie ein in die Automobilwelt mit der Petrymobil-Gruppe, Ihrem Vertrauensziel in Luxemburg.<br \/>Als offizieller H\u00e4ndler renommierter Marken wie Peugeot, Citro\u00ebn, DS und Opel sind wir stolz darauf, eine umfassende Palette von Fahrzeugen anzubieten, die Leistung, Eleganz und Innovation vereinen.<\/p>\n<p>Mit vier strategisch gelegenen Werkst\u00e4tten im Gro\u00dfherzogtum gew\u00e4hrleistet unsere umfassende Pr\u00e4senz einen einfachen Zugang zu unseren erstklassigen Mechanik- und Autopflegedienstleistungen. Bei Petrymobil verpflichten wir uns, ein au\u00dfergew\u00f6hnliches Kundenerlebnis zu bieten, das technisches Know-how mit pers\u00f6nlichem Service verbindet. Egal, ob es um den Kauf eines neuen Fahrzeugs, regelm\u00e4\u00dfige Wartungsdienste oder spezialisierte Reparaturen geht, unser Team steht Ihnen zur Verf\u00fcgung, um alle Ihre automobilen Bed\u00fcrfnisse zu erf\u00fcllen. Vertrauen Sie Petrymobil f\u00fcr eine sorgenfreie Fahrt und entdecken Sie die Spitze der Automobil-Exzellenz in Luxemburg.<\/p>\n<p>[\/et_pb_text][\/et_pb_column][\/et_pb_row][\/et_pb_section][et_pb_section fb_built=&#8220;1&#8243; _builder_version=&#8220;4.21.0&#8243; _module_preset=&#8220;default&#8220; background_enable_color=&#8220;off&#8220; custom_padding=&#8220;1px|||||&#8220; global_colors_info=&#8220;{}&#8220;][et_pb_row _builder_version=&#8220;4.21.0&#8243; _module_preset=&#8220;default&#8220; custom_padding=&#8220;60px|||||&#8220; global_colors_info=&#8220;{}&#8220;][et_pb_column type=&#8220;4_4&#8243; _builder_version=&#8220;4.21.0&#8243; _module_preset=&#8220;default&#8220; global_colors_info=&#8220;{}&#8220;][et_pb_text _builder_version=&#8220;4.21.0&#8243; _module_preset=&#8220;default&#8220; text_font=&#8220;|600|||||||&#8220; text_text_color=&#8220;#2d4160&#8243; text_font_size=&#8220;40px&#8220; header_2_font=&#8220;|700|||||||&#8220; header_2_font_size=&#8220;35px&#8220; global_colors_info=&#8220;{}&#8220;]<\/p>\n<h2 style=\"text-align: center;\">Bildergalerie<\/h2>\n<p>[\/et_pb_text][\/et_pb_column][\/et_pb_row][et_pb_row use_custom_gutter=&#8220;on&#8220; gutter_width=&#8220;1&#8243; _builder_version=&#8220;4.21.0&#8243; _module_preset=&#8220;default&#8220; max_width=&#8220;80%&#8220; global_colors_info=&#8220;{}&#8220;][et_pb_column type=&#8220;4_4&#8243; _builder_version=&#8220;4.16&#8243; _module_preset=&#8220;default&#8220; global_colors_info=&#8220;{}&#8220;][et_pb_gallery gallery_ids=&#8220;271216,271219,271249,271246,271243,271240,271237,271234,271231,271228,271225,271222,271252,271255,271258,271261,271264,271267,271270,271273,271276,271279&#8243; posts_number=&#8220;16&#8243; show_title_and_caption=&#8220;off&#8220; show_pagination=&#8220;off&#8220; zoom_icon_color=&#8220;#2F4362&#8243; hover_overlay_color=&#8220;rgba(24,24,24,0.25)&#8220; hover_icon=&#8220;&#x4c;||divi||400&#8243; _builder_version=&#8220;4.21.0&#8243; _module_preset=&#8220;default&#8220; title_font=&#8220;Montserrat|800|||||||&#8220; title_text_color=&#8220;#181818&#8243; title_font_size=&#8220;16px&#8220; title_line_height=&#8220;1.1em&#8220; caption_font=&#8220;Open Sans||||||||&#8220; caption_text_color=&#8220;#333333&#8243; pagination_font=&#8220;Open Sans||||||||&#8220; pagination_text_color=&#8220;#333333&#8243; custom_css_overlay=&#8220;border: none;&#8220; border_radii=&#8220;on|10px|10px|10px|10px&#8220; border_radii_image=&#8220;on|10px|10px|10px|10px&#8220; border_width_all_image=&#8220;5px&#8220; border_color_all_image=&#8220;RGBA(0,0,0,0)&#8220; global_colors_info=&#8220;{}&#8220;][\/et_pb_gallery][\/et_pb_column][\/et_pb_row][\/et_pb_section][et_pb_section fb_built=&#8220;1&#8243; _builder_version=&#8220;4.21.0&#8243; _module_preset=&#8220;default&#8220; custom_margin=&#8220;|2.4%|0px|2.4%|false|true&#8220; custom_padding=&#8220;0px||0px||false|false&#8220; global_colors_info=&#8220;{}&#8220;][et_pb_row _builder_version=&#8220;4.21.0&#8243; _module_preset=&#8220;default&#8220; custom_padding=&#8220;60px|||||&#8220; global_colors_info=&#8220;{}&#8220;][et_pb_column type=&#8220;4_4&#8243; _builder_version=&#8220;4.21.0&#8243; _module_preset=&#8220;default&#8220; global_colors_info=&#8220;{}&#8220;][et_pb_text _builder_version=&#8220;4.21.0&#8243; _module_preset=&#8220;default&#8220; text_font=&#8220;|600|||||||&#8220; text_text_color=&#8220;#2d4160&#8243; text_font_size=&#8220;40px&#8220; global_colors_info=&#8220;{}&#8220;]<\/p>\n<p style=\"text-align: center;\">Garages<\/p>\n<p>[\/et_pb_text][\/et_pb_column][\/et_pb_row][\/et_pb_section][et_pb_section fb_built=&#8220;1&#8243; _builder_version=&#8220;4.21.0&#8243; _module_preset=&#8220;default&#8220; custom_margin=&#8220;|2%||2%|false|true&#8220; saved_tabs=&#8220;all&#8220; global_colors_info=&#8220;{}&#8220; locked=&#8220;off&#8220;][et_pb_row column_structure=&#8220;1_3,1_3,1_3&#8243; use_custom_gutter=&#8220;on&#8220; gutter_width=&#8220;1&#8243; make_equal=&#8220;on&#8220; _builder_version=&#8220;4.21.0&#8243; _module_preset=&#8220;default&#8220; width=&#8220;90%&#8220; max_width=&#8220;100%&#8220; custom_padding=&#8220;2px|||||&#8220; global_colors_info=&#8220;{}&#8220;][et_pb_column type=&#8220;1_3&#8243; disabled_on=&#8220;on|on|off&#8220; _builder_version=&#8220;4.21.0&#8243; _module_preset=&#8220;default&#8220; global_colors_info=&#8220;{}&#8220;][et_pb_image src=&#8220;https:\/\/petrymobil.lu\/wp-content\/uploads\/2023\/12\/Map-garages-Petry.png&#8220; title_text=&#8220;Map garages Petry&#8220; _builder_version=&#8220;4.21.0&#8243; _module_preset=&#8220;default&#8220; global_colors_info=&#8220;{}&#8220;][\/et_pb_image][\/et_pb_column][et_pb_column type=&#8220;1_3&#8243; _builder_version=&#8220;4.21.0&#8243; _module_preset=&#8220;default&#8220; global_colors_info=&#8220;{}&#8220;][et_pb_text _builder_version=&#8220;4.21.0&#8243; _module_preset=&#8220;default&#8220; text_font=&#8220;Lato|700|||||||&#8220; text_text_color=&#8220;#886b5f&#8220; text_font_size=&#8220;25px&#8220; custom_margin=&#8220;50px|20%||20%|false|true&#8220; global_colors_info=&#8220;{}&#8220;]<\/p>\n<p>Petrymobil Roost<\/p>\n<p>[\/et_pb_text][et_pb_text _builder_version=&#8220;4.21.0&#8243; _module_preset=&#8220;default&#8220; text_font=&#8220;Poppins|600|||||||&#8220; custom_margin=&#8220;10px|||20%|false|false&#8220; global_colors_info=&#8220;{}&#8220;]<\/p>\n<p><span>Z.A.C. Jauschwis L-7759 Roost<br \/>(+352) 28 55 74 \/ roost@petrymobil.lu<\/span><\/p>\n<p>[\/et_pb_text][et_pb_text _builder_version=&#8220;4.21.0&#8243; _module_preset=&#8220;default&#8220; text_font=&#8220;Poppins|600|||||||&#8220; text_text_color=&#8220;#114261&#8243; text_font_size=&#8220;15px&#8220; custom_margin=&#8220;10px|||20%|false|false&#8220; global_colors_info=&#8220;{}&#8220;]<\/p>\n<p>Peugeot &#8211; Citro\u00ebn &#8211; DS &#8211; Opel<\/p>\n<p>[\/et_pb_text][et_pb_text _builder_version=&#8220;4.21.0&#8243; _module_preset=&#8220;default&#8220; text_font=&#8220;Poppins|500|||||||&#8220; text_text_color=&#8220;#114261&#8243; custom_margin=&#8220;10px|||20%|false|false&#8220; global_colors_info=&#8220;{}&#8220;]<\/p>\n<p data-start=\"0\" data-end=\"47\"><strong data-start=\"0\" data-end=\"23\">Empfang &amp; Werkstatt<\/strong><br data-start=\"23\" data-end=\"26\" \/>Mo\u2013Fr 08:00 \u2013 17:00<\/p>\n<p data-start=\"49\" data-end=\"84\"><strong data-start=\"49\" data-end=\"60\">Verkauf<\/strong><br data-start=\"60\" data-end=\"63\" \/>Mo\u2013Fr 09:00 \u2013 17:00<\/p>\n<p data-start=\"86\" data-end=\"120\" data-is-only-node=\"\" data-is-last-node=\"\"><strong data-start=\"86\" data-end=\"101\">Nur Verkauf<\/strong><br data-start=\"101\" data-end=\"104\" \/>Sa 09:00 \u2013 16:00<\/p>\n<p>[\/et_pb_text][et_pb_text _builder_version=&#8220;4.21.0&#8243; _module_preset=&#8220;default&#8220; text_font=&#8220;Lato|700|||||||&#8220; text_text_color=&#8220;#886b5f&#8220; text_font_size=&#8220;25px&#8220; custom_margin=&#8220;50px|20%||20%|false|true&#8220; global_colors_info=&#8220;{}&#8220;]<\/p>\n<p>Petrymobil Junglinster<\/p>\n<p>[\/et_pb_text][et_pb_text _builder_version=&#8220;4.21.0&#8243; _module_preset=&#8220;default&#8220; text_font=&#8220;Poppins|600|||||||&#8220; custom_margin=&#8220;10px|||20%|false|false&#8220; global_colors_info=&#8220;{}&#8220;]<\/p>\n<p><span>40, rue Hiel L-6131 Junglinster<br \/>(+352) 26 78 18 1 \/ junglinster@petrymobil.lu<\/span><\/p>\n<p>[\/et_pb_text][et_pb_text _builder_version=&#8220;4.21.0&#8243; _module_preset=&#8220;default&#8220; text_font=&#8220;Poppins|600|||||||&#8220; text_text_color=&#8220;#114261&#8243; text_font_size=&#8220;15px&#8220; custom_margin=&#8220;10px|||20%|false|false&#8220; global_colors_info=&#8220;{}&#8220;]<\/p>\n<p>Peugeot &#8211; Citro\u00ebn<\/p>\n<p>[\/et_pb_text][et_pb_text _builder_version=&#8220;4.21.0&#8243; _module_preset=&#8220;default&#8220; text_font=&#8220;Poppins|500|||||||&#8220; text_text_color=&#8220;#114261&#8243; custom_margin=&#8220;10px|||20%|false|false&#8220; global_colors_info=&#8220;{}&#8220;]<\/p>\n<p data-start=\"0\" data-end=\"47\"><strong data-start=\"0\" data-end=\"23\">Empfang &amp; Werkstatt<\/strong><br data-start=\"23\" data-end=\"26\" \/>Mo\u2013Fr 08:00 \u2013 17:00<\/p>\n<p data-start=\"49\" data-end=\"84\"><strong data-start=\"49\" data-end=\"60\">Verkauf<\/strong><br data-start=\"60\" data-end=\"63\" \/>Mo\u2013Fr 09:00 \u2013 17:00<\/p>\n<p data-start=\"86\" data-end=\"120\" data-is-only-node=\"\" data-is-last-node=\"\"><strong data-start=\"86\" data-end=\"101\">Nur Verkauf<\/strong><br data-start=\"101\" data-end=\"104\" \/>Sa 09:00 \u2013 16:00<\/p>\n<p>[\/et_pb_text][et_pb_text _builder_version=&#8220;4.21.0&#8243; _module_preset=&#8220;default&#8220; text_font=&#8220;Lato|700|||||||&#8220; text_text_color=&#8220;#886b5f&#8220; text_font_size=&#8220;25px&#8220; custom_margin=&#8220;50px|20%||20%|false|true&#8220; global_colors_info=&#8220;{}&#8220;]<\/p>\n<p>Petrymobil-Karosserie<\/p>\n<p>[\/et_pb_text][et_pb_text _builder_version=&#8220;4.21.0&#8243; _module_preset=&#8220;default&#8220; text_font=&#8220;Poppins|600|||||||&#8220; custom_margin=&#8220;10px|||20%|false|false&#8220; global_colors_info=&#8220;{}&#8220;]<\/p>\n<p><span>Waistrooss, 126 L-5440 Remerschen<br \/>(+352) 23 60 50 52<\/span><\/p>\n<p>[\/et_pb_text][\/et_pb_column][et_pb_column type=&#8220;1_3&#8243; _builder_version=&#8220;4.21.0&#8243; _module_preset=&#8220;default&#8220; global_colors_info=&#8220;{}&#8220;][et_pb_text _builder_version=&#8220;4.21.0&#8243; _module_preset=&#8220;default&#8220; text_font=&#8220;Lato|700|||||||&#8220; text_text_color=&#8220;#886b5f&#8220; text_font_size=&#8220;25px&#8220; custom_margin=&#8220;50px|20%||20%|false|true&#8220; global_colors_info=&#8220;{}&#8220;]<\/p>\n<p>Petrymobil Weiswampach<\/p>\n<p>[\/et_pb_text][et_pb_text _builder_version=&#8220;4.21.0&#8243; _module_preset=&#8220;default&#8220; text_font=&#8220;Poppins|600|||||||&#8220; custom_margin=&#8220;10px|||20%|false|false&#8220; global_colors_info=&#8220;{}&#8220;]<\/p>\n<p><span>Op der Haart L-9999 Weiswampach<br \/>(+352) 28 55 74 \/ weiswampach@petrymobil.lu<\/span><\/p>\n<p>[\/et_pb_text][et_pb_text _builder_version=&#8220;4.21.0&#8243; _module_preset=&#8220;default&#8220; text_font=&#8220;Poppins|600|||||||&#8220; text_text_color=&#8220;#114261&#8243; text_font_size=&#8220;15px&#8220; custom_margin=&#8220;10px|||20%|false|false&#8220; global_colors_info=&#8220;{}&#8220;]<\/p>\n<p>Peugeot <\/p>\n<p>[\/et_pb_text][et_pb_text _builder_version=&#8220;4.21.0&#8243; _module_preset=&#8220;default&#8220; text_font=&#8220;Poppins|500|||||||&#8220; text_text_color=&#8220;#114261&#8243; custom_margin=&#8220;10px|||20%|false|false&#8220; global_colors_info=&#8220;{}&#8220;]<\/p>\n<p><span>Nur nach Terminvereinbarung :<br \/>(+352) 28 55 74 1<br \/>Christian : (+352) 621 486 918<br \/>Frederic : (+352) 621 753 226<br \/>Stephan : (+352) 621 834 176<\/span><\/p>\n<p>[\/et_pb_text][et_pb_text _builder_version=&#8220;4.21.0&#8243; _module_preset=&#8220;default&#8220; text_font=&#8220;Lato|700|||||||&#8220; text_text_color=&#8220;#886b5f&#8220; text_font_size=&#8220;25px&#8220; custom_margin=&#8220;50px|20%||20%|false|true&#8220; global_colors_info=&#8220;{}&#8220;]<\/p>\n<p>Petrymobil Remerschen<\/p>\n<p>[\/et_pb_text][et_pb_text _builder_version=&#8220;4.21.0&#8243; _module_preset=&#8220;default&#8220; text_font=&#8220;Poppins|600|||||||&#8220; custom_margin=&#8220;10px|||20%|false|false&#8220; global_colors_info=&#8220;{}&#8220;]<\/p>\n<p><span>Waistrooss, 124 L-5440 Remerschen<br \/>(+352) 23 60 50 1 \/ remerschen@petrymobil.lu<\/span><\/p>\n<p>[\/et_pb_text][et_pb_text _builder_version=&#8220;4.21.0&#8243; _module_preset=&#8220;default&#8220; text_font=&#8220;Poppins|600|||||||&#8220; text_text_color=&#8220;#114261&#8243; text_font_size=&#8220;15px&#8220; custom_margin=&#8220;10px|||20%|false|false&#8220; global_colors_info=&#8220;{}&#8220;]<\/p>\n<p>Peugeot &#8211; Citro\u00ebn <\/p>\n<p>[\/et_pb_text][et_pb_text _builder_version=&#8220;4.21.0&#8243; _module_preset=&#8220;default&#8220; text_font=&#8220;Poppins|500|||||||&#8220; text_text_color=&#8220;#114261&#8243; custom_margin=&#8220;10px|||20%|false|false&#8220; global_colors_info=&#8220;{}&#8220;]<\/p>\n<p data-start=\"0\" data-end=\"47\"><strong data-start=\"0\" data-end=\"23\">Empfang &amp; Werkstatt<\/strong><br data-start=\"23\" data-end=\"26\" \/>Mo\u2013Fr 08:00 \u2013 17:00<\/p>\n<p data-start=\"49\" data-end=\"84\"><strong data-start=\"49\" data-end=\"60\">Verkauf<\/strong><br data-start=\"60\" data-end=\"63\" \/>Mo\u2013Fr 09:00 \u2013 17:00<\/p>\n<p data-start=\"86\" data-end=\"120\" data-is-only-node=\"\" data-is-last-node=\"\"><strong data-start=\"86\" data-end=\"101\">Nur Verkauf<\/strong><br data-start=\"101\" data-end=\"104\" \/>Sa 09:00 \u2013 16:00<\/p>\n<p>[\/et_pb_text][\/et_pb_column][\/et_pb_row][\/et_pb_section]<\/p>\n","protected":false},"excerpt":{"rendered":"<p>\u00dcber PetrymobilPetrymobil ist Ihr Peugeot-, Citro\u00ebn-, DS- und Opel-Autoretailer in Luxemburg.Mit vier Standorten sind wir f\u00fcr Sie da, um Sie zu empfangen und zu beraten.Wer sind wir?Tauchen Sie ein in die Automobilwelt mit der Petrymobil-Gruppe, Ihrem Vertrauensziel in Luxemburg.Als offizieller H\u00e4ndler renommierter Marken wie Peugeot, Citro\u00ebn, DS und Opel sind wir stolz darauf, eine umfassende Palette von Fahrzeugen anzubieten, die Leistung, Eleganz und Innovation vereinen. Mit vier strategisch gelegenen Werkst\u00e4tten im Gro\u00dfherzogtum gew\u00e4hrleistet unsere umfassende Pr\u00e4senz einen einfachen Zugang zu unseren erstklassigen Mechanik- und Autopflegedienstleistungen. Bei Petrymobil verpflichten wir uns, ein au\u00dfergew\u00f6hnliches Kundenerlebnis zu bieten, das technisches Know-how mit pers\u00f6nlichem Service verbindet. Egal, ob es um den Kauf eines neuen Fahrzeugs, regelm\u00e4\u00dfige Wartungsdienste oder spezialisierte Reparaturen geht, unser Team steht Ihnen zur Verf\u00fcgung, um alle Ihre automobilen Bed\u00fcrfnisse zu erf\u00fcllen. Vertrauen Sie Petrymobil f\u00fcr eine sorgenfreie Fahrt und entdecken Sie die Spitze der Automobil-Exzellenz in Luxemburg.BildergalerieGaragesPetrymobil RoostZ.A.C. Jauschwis L-7759 Roost(+352) 28 55 74 \/ roost@petrymobil.luPeugeot &#8211; Citro\u00ebn &#8211; DS &#8211; OpelEmpfang &amp; WerkstattMo\u2013Fr 08:00 \u2013 17:00 VerkaufMo\u2013Fr 09:00 \u2013 17:00 Nur VerkaufSa 09:00 \u2013 16:00Petrymobil Junglinster40, rue Hiel L-6131 Junglinster(+352) 26 78 18 1 \/ junglinster@petrymobil.luPeugeot &#8211; Citro\u00ebnEmpfang &amp; WerkstattMo\u2013Fr 08:00 \u2013 17:00 VerkaufMo\u2013Fr 09:00 \u2013 17:00 Nur VerkaufSa 09:00 [&hellip;]<\/p>\n","protected":false},"author":1,"featured_media":0,"parent":0,"menu_order":0,"comment_status":"closed","ping_status":"closed","template":"","meta":{"_acf_changed":false,"_et_pb_use_builder":"on","_et_pb_old_content":"","_et_gb_content_width":"","footnotes":""},"class_list":["post-270840","page","type-page","status-publish","hentry"],"acf":[],"_links":{"self":[{"href":"https:\/\/petrymobil.lu\/de\/wp-json\/wp\/v2\/pages\/270840","targetHints":{"allow":["GET"]}}],"collection":[{"href":"https:\/\/petrymobil.lu\/de\/wp-json\/wp\/v2\/pages"}],"about":[{"href":"https:\/\/petrymobil.lu\/de\/wp-json\/wp\/v2\/types\/page"}],"author":[{"embeddable":true,"href":"https:\/\/petrymobil.lu\/de\/wp-json\/wp\/v2\/users\/1"}],"replies":[{"embeddable":true,"href":"https:\/\/petrymobil.lu\/de\/wp-json\/wp\/v2\/comments?post=270840"}],"version-history":[{"count":0,"href":"https:\/\/petrymobil.lu\/de\/wp-json\/wp\/v2\/pages\/270840\/revisions"}],"wp:attachment":[{"href":"https:\/\/petrymobil.lu\/de\/wp-json\/wp\/v2\/media?parent=270840"}],"curies":[{"name":"wp","href":"https:\/\/api.w.org\/{rel}","templated":true}]}}