{"id":270847,"date":"2023-10-12T12:53:48","date_gmt":"2023-10-12T10:53:48","guid":{"rendered":"https:\/\/petrymobil.lu\/jobs\/"},"modified":"2023-12-22T14:43:54","modified_gmt":"2023-12-22T13:43:54","slug":"jobs","status":"publish","type":"page","link":"https:\/\/petrymobil.lu\/de\/jobs\/","title":{"rendered":"Jobs"},"content":{"rendered":"<p>[et_pb_section fb_built=&#8220;1&#8243; _builder_version=&#8220;4.21.0&#8243; _module_preset=&#8220;default&#8220; background_image=&#8220;https:\/\/petrymobil.lu\/wp-content\/uploads\/2023\/10\/Petrymobil-Jobs-Hero-ok.jpg&#8220; custom_margin=&#8220;2%|2.3%||2.3%|false|true&#8220; border_radii=&#8220;on|10px|10px|10px|10px&#8220; global_colors_info=&#8220;{}&#8220;][et_pb_row _builder_version=&#8220;4.21.0&#8243; _module_preset=&#8220;default&#8220; width=&#8220;100%&#8220; max_width=&#8220;100%&#8220; custom_margin=&#8220;||||false|false&#8220; global_colors_info=&#8220;{}&#8220;][et_pb_column type=&#8220;4_4&#8243; _builder_version=&#8220;4.21.0&#8243; _module_preset=&#8220;default&#8220; global_colors_info=&#8220;{}&#8220;][et_pb_text _builder_version=&#8220;4.21.0&#8243; _module_preset=&#8220;default&#8220; text_font=&#8220;Lato|700|||||||&#8220; text_text_color=&#8220;#FFFFFF&#8220; text_font_size=&#8220;56px&#8220; header_font=&#8220;|600|||||||&#8220; header_text_color=&#8220;#FFFFFF&#8220; header_font_size=&#8220;50px&#8220; custom_margin=&#8220;|||13%|false|false&#8220; header_font_size_tablet=&#8220;40px&#8220; header_font_size_phone=&#8220;30px&#8220; header_font_size_last_edited=&#8220;on|tablet&#8220; global_colors_info=&#8220;{}&#8220;]<\/p>\n<h1>Nos offres d&#8217;emploi<\/h1>\n<p>[\/et_pb_text][et_pb_text _builder_version=&#8220;4.21.0&#8243; _module_preset=&#8220;default&#8220; text_font=&#8220;Poppins|500|||||||&#8220; text_text_color=&#8220;#FFFFFF&#8220; text_font_size=&#8220;22px&#8220; custom_margin=&#8220;|45%||13%|false|false&#8220; custom_margin_tablet=&#8220;|13%|||false|false&#8220; custom_margin_phone=&#8220;|13%|||false|false&#8220; custom_margin_last_edited=&#8220;on|tablet&#8220; global_colors_info=&#8220;{}&#8220;]<\/p>\n<p>Treten Sie einer Gruppe bei, die auf eine starke Geschichte zur\u00fcckblicken kann und sich gleichzeitig im Wachstum befindet. Bewerben Sie sich auf unsere Stellenangebote oder senden Sie uns eine Initiativbewerbung.<\/p>\n<p>[\/et_pb_text][et_pb_button button_url=&#8220;#formulaire&#8220; button_text=&#8220;Bewerben&#8220; _builder_version=&#8220;4.21.0&#8243; _module_preset=&#8220;default&#8220; custom_button=&#8220;on&#8220; button_text_size=&#8220;20px&#8220; button_text_color=&#8220;#FFFFFF&#8220; button_bg_color=&#8220;RGBA(255,255,255,0)&#8220; button_border_width=&#8220;1px&#8220; button_border_radius=&#8220;10px&#8220; button_font=&#8220;|600|||||||&#8220; custom_margin=&#8220;|8%|8%|13%|false|false&#8220; custom_padding=&#8220;0px||0px||true|false&#8220; global_colors_info=&#8220;{}&#8220;][\/et_pb_button][\/et_pb_column][\/et_pb_row][\/et_pb_section][et_pb_section fb_built=&#8220;1&#8243; _builder_version=&#8220;4.21.0&#8243; _module_preset=&#8220;default&#8220; custom_margin=&#8220;0px||0px||true|false&#8220; custom_padding=&#8220;0px||||false|false&#8220; global_colors_info=&#8220;{}&#8220;][et_pb_row make_equal=&#8220;on&#8220; _builder_version=&#8220;4.21.0&#8243; _module_preset=&#8220;default&#8220; width=&#8220;90%&#8220; max_width=&#8220;90%&#8220; custom_padding=&#8220;50px||2px|||&#8220; global_colors_info=&#8220;{}&#8220;][et_pb_column type=&#8220;4_4&#8243; _builder_version=&#8220;4.16&#8243; _module_preset=&#8220;default&#8220; global_colors_info=&#8220;{}&#8220;][et_pb_text _builder_version=&#8220;4.21.0&#8243; _module_preset=&#8220;default&#8220; text_font=&#8220;Lato|900|||||||&#8220; text_text_color=&#8220;#222151&#8243; text_font_size=&#8220;30px&#8220; header_2_font=&#8220;|600|||||||&#8220; header_2_font_size=&#8220;30px&#8220; text_orientation=&#8220;center&#8220; custom_margin=&#8220;||18px|||&#8220; custom_padding=&#8220;||2%||false|false&#8220; global_colors_info=&#8220;{}&#8220;]<\/p>\n<h2>Rejoignez l&#8217;\u00e9quipe Petrymobil<\/h2>\n<p>[\/et_pb_text][dsm_blog_carousel posts_number=&#8220;4&#8243; include_categories=&#8220;60&#8243; use_excerpt=&#8220;off&#8220; use_date=&#8220;off&#8220; use_author=&#8220;off&#8220; use_readmore=&#8220;on&#8220; readmore_text=&#8220;Mehr erfahren&#8220; columns=&#8220;2&#8243; loop=&#8220;off&#8220; autoplay=&#8220;off&#8220; use_pagi=&#8220;off&#8220; use_navi=&#8220;off&#8220; _builder_version=&#8220;4.21.0&#8243; _module_preset=&#8220;default&#8220; title_level=&#8220;h3&#8243; title_text_color=&#8220;#3d506c&#8220; title_font_size=&#8220;20px&#8220; custom_readmore=&#8220;on&#8220; readmore_text_color=&#8220;#3d506c&#8220; readmore_bg_color=&#8220;RGBA(255,255,255,0)&#8220; readmore_border_width=&#8220;0px&#8220; hover_enabled=&#8220;0&#8243; border_radii_post_box=&#8220;on|10px|10px|10px|10px&#8220; border_width_all_post_box=&#8220;2px&#8220; border_color_all_post_box=&#8220;#3d506c&#8220; global_colors_info=&#8220;{}&#8220; sticky_enabled=&#8220;0&#8243;][\/dsm_blog_carousel][\/et_pb_column][\/et_pb_row][\/et_pb_section][et_pb_section fb_built=&#8220;1&#8243; _builder_version=&#8220;4.21.0&#8243; _module_preset=&#8220;default&#8220; custom_padding=&#8220;0px|||||&#8220; global_colors_info=&#8220;{}&#8220;][et_pb_row module_id=&#8220;formulaire&#8220; _builder_version=&#8220;4.21.0&#8243; _module_preset=&#8220;default&#8220; width=&#8220;90%&#8220; max_width=&#8220;90%&#8220; global_colors_info=&#8220;{}&#8220;][et_pb_column type=&#8220;4_4&#8243; _builder_version=&#8220;4.21.0&#8243; _module_preset=&#8220;default&#8220; global_colors_info=&#8220;{}&#8220;][et_pb_text _builder_version=&#8220;4.21.0&#8243; _module_preset=&#8220;default&#8220; text_font=&#8220;Lato|900|||||||&#8220; text_text_color=&#8220;#222151&#8243; text_font_size=&#8220;30px&#8220; header_2_font=&#8220;|600|||||||&#8220; header_2_font_size=&#8220;30px&#8220; text_orientation=&#8220;center&#8220; custom_margin=&#8220;||18px|||&#8220; custom_padding=&#8220;||2%||false|false&#8220; global_colors_info=&#8220;{}&#8220;]<\/p>\n<h2>Formulaire<\/h2>\n<p>[\/et_pb_text][dsm_contact_form_7 cf7_library=&#8220;269972&#8243; button_alignment=&#8220;right&#8220; _builder_version=&#8220;4.21.0&#8243; _module_preset=&#8220;default&#8220; labels_font=&#8220;|600|||||||&#8220; labels_text_color=&#8220;#354866&#8243; labels_font_size=&#8220;17px&#8220; input_textarea_select_font=&#8220;|600|||||||&#8220; radio_checkbox_font=&#8220;||||||||&#8220; radio_checkbox_font_size=&#8220;15px&#8220; custom_button_one=&#8220;on&#8220; button_one_text_color=&#8220;#354866&#8243; button_one_bg_color=&#8220;RGBA(255,255,255,0)&#8220; button_one_border_width=&#8220;0px&#8220; button_one_font=&#8220;|600|||||||&#8220; border_radii=&#8220;on|10px|10px|10px|10px&#8220; border_radii_image=&#8220;on|10px|10px|10px|10px&#8220; global_colors_info=&#8220;{}&#8220;][\/dsm_contact_form_7][\/et_pb_column][\/et_pb_row][\/et_pb_section]<\/p>\n","protected":false},"excerpt":{"rendered":"<p>Nos offres d&#8217;emploiTreten Sie einer Gruppe bei, die auf eine starke Geschichte zur\u00fcckblicken kann und sich gleichzeitig im Wachstum befindet. Bewerben Sie sich auf unsere Stellenangebote oder senden Sie uns eine Initiativbewerbung.Rejoignez l&#8217;\u00e9quipe Petrymobil<div class=\"et_pb_with_border et_pb_module dsm_blog_carousel dsm_blog_carousel_0\">\n\t\t\t\t\n\t\t\t\t\n\t\t\t\t\n\t\t\t\t\n\t\t\t\t\n\t\t\t\t\n\t\t\t\t<div class=\"et_pb_module_inner\">\n\t\t\t\t\t<div class=\"dsm-blog-carousel\" data-orientation='horizontal' data-loop='' data-speed='500' data-columnsdesktop='2' data-columnsphone='2' data-columnstablet='2' data-autoplay='off' data-autoplayspeed='5000' data-ordernumber='0' data-spacing='30' data-spacingtablet='30' data-spacingphone='30' data-effect='default' data-effect-shadows='off' data-effect-coverflow-rotate='30' data-effect-coverflow-depth='100' data-centered='off' data-multi-row='off' data-row='1' data-rowstablet='1' data-rowsphone='1' data-pagi-button-style='bullets' data-pause-on-hover='off' data-touch-move='off' data-grab='on' data-mousewheel='off'>\n\t\t\t\t<div class=\"swiper-container\" dir=\"ltr\">\n\t\t\t\t\t<div class=\"dsm-blog-carousel-wrapper swiper-wrapper\">\n\t\t\t\t\t\t\n\t\t\t\t<article class=\"dsm-blog-carousel-item swiper-slide\">\n\t\t\t\t\t<div class=\"dsm-grid-post-holder-inner\">\n\t\t\t\t\t\t\t\t\t\t\t\t\t<div class=\"dsm-entry-image\">\n\t\t\t\t\t\t\t\t\t\t\t\t\t\t\t\t<div class=\"dsm-entry-thumbnail\">\n\t\t\t\t\t\t\t\t\t<a href=\"https:\/\/petrymobil.lu\/de\/fahrzeuglackierer\/\">\n\t\t\t\t\t\t\t\t\t\t<img width=\"750\" height=\"500\" src=\"https:\/\/petrymobil.lu\/wp-content\/uploads\/2023\/12\/Petrymobil-Job-Peintre-automobile.jpg\" class=\"skip-lazy wp-post-image\" alt=\"\" decoding=\"async\" loading=\"lazy\" srcset=\"https:\/\/petrymobil.lu\/wp-content\/uploads\/2023\/12\/Petrymobil-Job-Peintre-automobile.jpg 750w, https:\/\/petrymobil.lu\/wp-content\/uploads\/2023\/12\/Petrymobil-Job-Peintre-automobile-480x320.jpg 480w\" sizes=\"auto, (min-width: 0px) and (max-width: 480px) 480px, (min-width: 481px) 750px, 100vw\" \/>\t\t\t\t\t\t\t\t\t<\/a>\n\t\t\t\t\t\t\t\t<\/div>\n\t\t\t\t\t\t\t<\/div>\n\t\t\t\t\t\t\n\t\t\t\t\t\t<div class=\"dsm-entry-wrapper\">\n\t\t\t\t\t\t\t\t\t\t\t\t\t\t<header class=\"dsm-entry-header\">\n\t\t\t\t\t\t\t\t\t\t<h3 class=\"dsm-entry-title\">\n\t\t\t\t\t\t\t\t\t\t\t<a href=\"https:\/\/petrymobil.lu\/de\/fahrzeuglackierer\/\" title=\"Fahrzeuglackierer\">\n\t\t\t\t\t\t\t\t\t\t\t\tFahrzeuglackierer\t\t\t\t\t\t\t\t\t\t\t<\/a>\n\t\t\t\t\t\t\t\t\t<\/h3>\n\t\t\t\t\t\t\t\t<\/header>\n\t\t\t\t\t\t\n\t\t\t\t\t\t\n\t\t\t\t\t\t\t\n\t\t\t\t\t\t\t\t\t\t\t\t\t\t\t\t\t<div class=\"dsm-readmore-wrap et_pb_bg_layout_light\">\n\t\t\t\t\t\t\t\t\t\t<a href=\"https:\/\/petrymobil.lu\/de\/fahrzeuglackierer\/\" class=\"dsm-readmore-btn et_pb_button et_pb_custom_button_icon\" data-icon=\"5\" target=\"\">Mehr erfahren<\/a>\n\t\t\t\t\t\t\t\t\t<\/div>\n\t\t\t\t\t\t\t\t\n\t\t\t\t\t\t\t\t\t\t\t\t\t<\/div>\n\t\t\t\t\t<\/div>\n\t\t\t\t<\/article>\n\n\t\t\t\t\n\t\t\t\t<article class=\"dsm-blog-carousel-item swiper-slide\">\n\t\t\t\t\t<div class=\"dsm-grid-post-holder-inner\">\n\t\t\t\t\t\t\t\t\t\t\t\t\t<div class=\"dsm-entry-image\">\n\t\t\t\t\t\t\t\t\t\t\t\t\t\t\t\t<div class=\"dsm-entry-thumbnail\">\n\t\t\t\t\t\t\t\t\t<a href=\"https:\/\/petrymobil.lu\/de\/karosseriebauer\/\">\n\t\t\t\t\t\t\t\t\t\t<img width=\"750\" height=\"500\" src=\"https:\/\/petrymobil.lu\/wp-content\/uploads\/2023\/12\/Petrymobil-Job-Carrosserie-ok.jpg\" class=\"skip-lazy wp-post-image\" alt=\"\" decoding=\"async\" loading=\"lazy\" srcset=\"https:\/\/petrymobil.lu\/wp-content\/uploads\/2023\/12\/Petrymobil-Job-Carrosserie-ok.jpg 750w, https:\/\/petrymobil.lu\/wp-content\/uploads\/2023\/12\/Petrymobil-Job-Carrosserie-ok-480x320.jpg 480w\" sizes=\"auto, (min-width: 0px) and (max-width: 480px) 480px, (min-width: 481px) 750px, 100vw\" \/>\t\t\t\t\t\t\t\t\t<\/a>\n\t\t\t\t\t\t\t\t<\/div>\n\t\t\t\t\t\t\t<\/div>\n\t\t\t\t\t\t\n\t\t\t\t\t\t<div class=\"dsm-entry-wrapper\">\n\t\t\t\t\t\t\t\t\t\t\t\t\t\t<header class=\"dsm-entry-header\">\n\t\t\t\t\t\t\t\t\t\t<h3 class=\"dsm-entry-title\">\n\t\t\t\t\t\t\t\t\t\t\t<a href=\"https:\/\/petrymobil.lu\/de\/karosseriebauer\/\" title=\"Karosseriebauer\">\n\t\t\t\t\t\t\t\t\t\t\t\tKarosseriebauer\t\t\t\t\t\t\t\t\t\t\t<\/a>\n\t\t\t\t\t\t\t\t\t<\/h3>\n\t\t\t\t\t\t\t\t<\/header>\n\t\t\t\t\t\t\n\t\t\t\t\t\t\n\t\t\t\t\t\t\t\n\t\t\t\t\t\t\t\t\t\t\t\t\t\t\t\t\t<div class=\"dsm-readmore-wrap et_pb_bg_layout_light\">\n\t\t\t\t\t\t\t\t\t\t<a href=\"https:\/\/petrymobil.lu\/de\/karosseriebauer\/\" class=\"dsm-readmore-btn et_pb_button et_pb_custom_button_icon\" data-icon=\"5\" target=\"\">Mehr erfahren<\/a>\n\t\t\t\t\t\t\t\t\t<\/div>\n\t\t\t\t\t\t\t\t\n\t\t\t\t\t\t\t\t\t\t\t\t\t<\/div>\n\t\t\t\t\t<\/div>\n\t\t\t\t<\/article>\n\n\t\t\t\t\n\t\t\t\t\t<\/div>\n\t\t\t\t<\/div>\n\t\t\t\t\n\t\t\t\t<div class=\"swiper-container-horizontal\">\n\t\t\t\t\t\n\t\t\t\t<\/div>\n\t\t\t<\/div>\n\t\t\t\t<\/div>\n\t\t\t<\/div>Formulaire<div class=\"et_pb_module dsm_contact_form_7 dsm_contact_form_7_0\">\n\t\t\t\t\n\t\t\t\t\n\t\t\t\t\n\t\t\t\t\n\t\t\t\t\n\t\t\t\t\n\t\t\t\t<div class=\"et_pb_module_inner\">\n\t\t\t\t\t<div class=\"\">\n\t\t\t\t\n<div class=\"wpcf7 no-js\" id=\"wpcf7-f271480-o1\" lang=\"de-DE\" dir=\"ltr\" data-wpcf7-id=\"271480\">\n<div class=\"screen-reader-response\"><p role=\"status\" aria-live=\"polite\" aria-atomic=\"true\"><\/p> <ul><\/ul><\/div>\n<form action=\"\/de\/wp-json\/wp\/v2\/pages\/270847#wpcf7-f271480-o1\" method=\"post\" class=\"wpcf7-form init\" aria-label=\"Kontaktformular\" enctype=\"multipart\/form-data\" novalidate=\"novalidate\" data-status=\"init\">\n<fieldset class=\"hidden-fields-container\"><input type=\"hidden\" name=\"_wpcf7\" value=\"271480\" \/><input type=\"hidden\" name=\"_wpcf7_version\" value=\"6.1.5\" \/><input type=\"hidden\" name=\"_wpcf7_locale\" value=\"de_DE\" \/><input type=\"hidden\" name=\"_wpcf7_unit_tag\" value=\"wpcf7-f271480-o1\" \/><input type=\"hidden\" name=\"_wpcf7_container_post\" value=\"0\" \/><input type=\"hidden\" name=\"_wpcf7_posted_data_hash\" value=\"\" \/>\n<\/fieldset>\n<div class=\"contact-form-custom\">\n\t<div class=\"contact-form-field contact-form-field-50\">\n\t\t<p><label>Name & Vorname*<\/label><span class=\"wpcf7-form-control-wrap\" data-name=\"nom\"><input size=\"40\" maxlength=\"400\" class=\"wpcf7-form-control wpcf7-text wpcf7-validates-as-required\" aria-required=\"true\" aria-invalid=\"false\" value=\"\" type=\"text\" name=\"nom\" \/><\/span>\n\t\t<\/p>\n\t<\/div>\n\t<div class=\"contact-form-field contact-form-field-50\">\n\t\t<p><label>Email*<\/label><span class=\"wpcf7-form-control-wrap\" data-name=\"email\"><input size=\"40\" maxlength=\"400\" class=\"wpcf7-form-control wpcf7-email wpcf7-validates-as-required wpcf7-text wpcf7-validates-as-email\" aria-required=\"true\" aria-invalid=\"false\" value=\"\" type=\"email\" name=\"email\" \/><\/span>\n\t\t<\/p>\n\t<\/div>\n\t<div class=\"contact-form-field contact-form-field-50\">\n\t\t<p><label>Telefon*<\/label><span class=\"wpcf7-form-control-wrap\" data-name=\"tel\"><input size=\"40\" maxlength=\"400\" class=\"wpcf7-form-control wpcf7-tel wpcf7-validates-as-required wpcf7-text wpcf7-validates-as-tel\" aria-required=\"true\" aria-invalid=\"false\" value=\"\" type=\"tel\" name=\"tel\" \/><\/span>\n\t\t<\/p>\n\t<\/div>\n\t<div class=\"contact-form-field contact-form-field-50\">\n\t\t<p><label>Job*<\/label><span class=\"wpcf7-form-control-wrap dsm-contact-form-7-select\" data-name=\"Poste\"><select class=\"wpcf7-form-control wpcf7-select et_pb_contact_select input\" aria-invalid=\"false\" name=\"Poste\"><option value=\"Mechaniker\">Mechaniker<\/option><option value=\"Karosseriebauer\">Karosseriebauer<\/option><option value=\"Fahrzeuglackierer\">Fahrzeuglackierer<\/option><option value=\"Verk\u00e4ufer\">Verk\u00e4ufer<\/option><option value=\"Rezeptionistin\">Rezeptionistin<\/option><option value=\"Initiativbewerbung\">Initiativbewerbung<\/option><\/select><\/span>\n\t\t<\/p>\n\t<\/div>\n\t<div class=\"contact-form-field\">\n\t\t<p><label>Ihre Nachricht*<\/label><span class=\"wpcf7-form-control-wrap\" data-name=\"votremessage\"><textarea cols=\"40\" rows=\"10\" maxlength=\"2000\" class=\"wpcf7-form-control wpcf7-textarea wpcf7-validates-as-required\" aria-required=\"true\" aria-invalid=\"false\" name=\"votremessage\"><\/textarea><\/span>\n\t\t<\/p>\n\t<\/div>\n\t<div class=\"contact-form-field\">\n\t\t<p><label>Ihr Lebenslauf und Anschreiben<\/label><span class=\"wpcf7-form-control-wrap\" data-name=\"choisissezunfichier\"><input size=\"40\" class=\"wpcf7-form-control wpcf7-file\" accept=\"audio\/*,video\/*,image\/*\" aria-invalid=\"false\" type=\"file\" name=\"choisissezunfichier\" \/><\/span>\n\t\t<\/p>\n\t<\/div>\n\t<div class=\"contact-form-field contact-form-checkbox\">\n\t\t<p><span class=\"wpcf7-form-control-wrap\" data-name=\"checkbox\"><span class=\"wpcf7-form-control wpcf7-checkbox wpcf7-validates-as-required\"><span class=\"wpcf7-list-item first last\"><input type=\"checkbox\" name=\"checkbox[]\" value=\"*Indem Sie dieses K\u00e4stchen ankreuzen, best\u00e4tigen Sie, dass Sie unsere Richtlinie \u00fcber die Verarbeitung und Speicherung Ihrer personenbezogenen Daten gelesen haben.\" \/><span class=\"wpcf7-list-item-label\">*Indem Sie dieses K\u00e4stchen ankreuzen, best\u00e4tigen Sie, dass Sie unsere Richtlinie \u00fcber die Verarbeitung und Speicherung Ihrer personenbezogenen Daten gelesen haben.<\/span><\/span><\/span><\/span>\n\t\t<\/p>\n\t<\/div>\n\t<div class=\"contact-form-submit\">\n\t\t<p><button class=\"wpcf7-form-control wpcf7-submit has-spinner et_pb_button et_pb_bg_layout_light\" type=\"submit\" value=\"Senden\">Senden<\/button>\n\t\t<\/p>\n\t<\/div>\n<\/div>\n<style>\n .contact-form-custom {\n display: flex;\n flex-wrap: wrap;\n justify-content: space-between;\n width: 100%;\n }\n .contact-form-field, .contact-form-submit {\n width: 100%;\n margin-bottom: 15px;\n }\n .contact-form-field-50 {\n width: 49%;\n }\n .contact-form-field p {\n text-align: start!important;\n }\n @media screen and (max-width: 768px) {\n .contact-form-field-50 {\n width: 100%;\n }\n }\n<\/style><div class=\"wpcf7-response-output\" aria-hidden=\"true\"><\/div>\n<\/form>\n<\/div>\n\n\t\t\t<\/div>\n\t\t\t\t<\/div>\n\t\t\t<\/div><\/p>\n","protected":false},"author":1,"featured_media":0,"parent":0,"menu_order":0,"comment_status":"closed","ping_status":"closed","template":"","meta":{"_acf_changed":false,"_et_pb_use_builder":"on","_et_pb_old_content":"","_et_gb_content_width":"","footnotes":""},"class_list":["post-270847","page","type-page","status-publish","hentry"],"acf":[],"_links":{"self":[{"href":"https:\/\/petrymobil.lu\/de\/wp-json\/wp\/v2\/pages\/270847","targetHints":{"allow":["GET"]}}],"collection":[{"href":"https:\/\/petrymobil.lu\/de\/wp-json\/wp\/v2\/pages"}],"about":[{"href":"https:\/\/petrymobil.lu\/de\/wp-json\/wp\/v2\/types\/page"}],"author":[{"embeddable":true,"href":"https:\/\/petrymobil.lu\/de\/wp-json\/wp\/v2\/users\/1"}],"replies":[{"embeddable":true,"href":"https:\/\/petrymobil.lu\/de\/wp-json\/wp\/v2\/comments?post=270847"}],"version-history":[{"count":0,"href":"https:\/\/petrymobil.lu\/de\/wp-json\/wp\/v2\/pages\/270847\/revisions"}],"wp:attachment":[{"href":"https:\/\/petrymobil.lu\/de\/wp-json\/wp\/v2\/media?parent=270847"}],"curies":[{"name":"wp","href":"https:\/\/api.w.org\/{rel}","templated":true}]}}