{"id":270850,"date":"2023-10-12T16:21:58","date_gmt":"2023-10-12T14:21:58","guid":{"rendered":"https:\/\/petrymobil.lu\/fahrzeugkauf\/"},"modified":"2023-12-21T21:36:20","modified_gmt":"2023-12-21T20:36:20","slug":"fahrzeugkauf","status":"publish","type":"page","link":"https:\/\/petrymobil.lu\/de\/fahrzeugkauf\/","title":{"rendered":"Fahrzeugkauf"},"content":{"rendered":"<p>[et_pb_section fb_built=&#8220;1&#8243; _builder_version=&#8220;4.21.0&#8243; _module_preset=&#8220;default&#8220; background_image=&#8220;https:\/\/petrymobil.lu\/wp-content\/uploads\/2023\/09\/Petrymobil-Hero-Fleet.jpg&#8220; custom_margin=&#8220;2%|2.3%||2.3%|false|true&#8220; custom_padding=&#8220;5%||5%||true|false&#8220; border_radii=&#8220;on|10px|10px|10px|10px&#8220; global_colors_info=&#8220;{}&#8220;][et_pb_row _builder_version=&#8220;4.21.0&#8243; _module_preset=&#8220;default&#8220; width=&#8220;100%&#8220; max_width=&#8220;100%&#8220; custom_margin=&#8220;||||false|false&#8220; global_colors_info=&#8220;{}&#8220;][et_pb_column type=&#8220;4_4&#8243; _builder_version=&#8220;4.21.0&#8243; _module_preset=&#8220;default&#8220; global_colors_info=&#8220;{}&#8220;][et_pb_text _builder_version=&#8220;4.21.0&#8243; _module_preset=&#8220;default&#8220; text_font=&#8220;Lato|700|||||||&#8220; text_text_color=&#8220;#FFFFFF&#8220; text_font_size=&#8220;56px&#8220; custom_margin=&#8220;|||13%|false|false&#8220; hover_enabled=&#8220;0&#8243; global_colors_info=&#8220;{}&#8220; sticky_enabled=&#8220;0&#8243; header_text_color=&#8220;#FFFFFF&#8220; header_font=&#8220;|600|||||||&#8220; header_font_size=&#8220;50px&#8220; header_font_size_last_edited=&#8220;on|phone&#8220; header_font_size_phone=&#8220;30px&#8220; header_font_size_tablet=&#8220;50px&#8220;]<\/p>\n<h1>Fahrzeugkauf<\/h1>\n<p>[\/et_pb_text][et_pb_text _builder_version=&#8220;4.21.0&#8243; _module_preset=&#8220;default&#8220; text_font=&#8220;Poppins|500|||||||&#8220; text_text_color=&#8220;#FFFFFF&#8220; text_font_size=&#8220;22px&#8220; custom_margin=&#8220;|45%||13%|false|false&#8220; hover_enabled=&#8220;0&#8243; global_colors_info=&#8220;{}&#8220; custom_margin_last_edited=&#8220;on|tablet&#8220; custom_margin_phone=&#8220;|13%||13%|false|false&#8220; sticky_enabled=&#8220;0&#8243; custom_margin_tablet=&#8220;|13%|||false|false&#8220;]<\/p>\n<p>Bei Petrymobil sch\u00e4tzen wir Ihr Fahrzeug kostenlos.<\/p>\n<p>[\/et_pb_text][\/et_pb_column][\/et_pb_row][\/et_pb_section][et_pb_section fb_built=&#8220;1&#8243; _builder_version=&#8220;4.21.0&#8243; _module_preset=&#8220;default&#8220; global_colors_info=&#8220;{}&#8220;][et_pb_row make_equal=&#8220;on&#8220; _builder_version=&#8220;4.21.0&#8243; _module_preset=&#8220;default&#8220; width=&#8220;90%&#8220; max_width=&#8220;90%&#8220; custom_padding=&#8220;||2px|||&#8220; global_colors_info=&#8220;{}&#8220;][et_pb_column type=&#8220;4_4&#8243; _builder_version=&#8220;4.16&#8243; _module_preset=&#8220;default&#8220; global_colors_info=&#8220;{}&#8220;][et_pb_text _builder_version=&#8220;4.21.0&#8243; _module_preset=&#8220;default&#8220; text_font=&#8220;||||||||&#8220; text_font_size=&#8220;18px&#8220; global_colors_info=&#8220;{}&#8220;]<\/p>\n<p style=\"text-align: left;\">Ob es sich um ein neues Fahrzeugkaufprojekt handelt oder einfach nur um eine Sch\u00e4tzung des Werts Ihres Fahrzeugs geht, Petrymobil steht Ihnen zur Verf\u00fcgung. Unsere Experten sch\u00e4tzen den Wert Ihres Fahrzeugs kostenlos und unterbreiten Ihnen dann ein Kaufangebot.<\/p>\n<p style=\"text-align: left;\">Um diese Sch\u00e4tzung zu erhalten, f\u00fcllen Sie bitte das unten stehende Formular aus, und unser Team wird sich bald mit unserer Sch\u00e4tzung und einem R\u00fcckkaufangebot bei Ihnen melden. Nat\u00fcrlich ist dieser Schritt kostenlos und unverbindlich!<\/p>\n<p>[\/et_pb_text][\/et_pb_column][\/et_pb_row][et_pb_row _builder_version=&#8220;4.21.0&#8243; _module_preset=&#8220;default&#8220; global_colors_info=&#8220;{}&#8220;][et_pb_column type=&#8220;4_4&#8243; _builder_version=&#8220;4.21.0&#8243; _module_preset=&#8220;default&#8220; global_colors_info=&#8220;{}&#8220;][et_pb_text _builder_version=&#8220;4.21.0&#8243; _module_preset=&#8220;default&#8220; text_font=&#8220;Lato|900|||||||&#8220; text_text_color=&#8220;#222151&#8243; text_font_size=&#8220;30px&#8220; text_orientation=&#8220;center&#8220; custom_margin=&#8220;||18px|||&#8220; custom_padding=&#8220;||2%||false|false&#8220; hover_enabled=&#8220;0&#8243; global_colors_info=&#8220;{}&#8220; sticky_enabled=&#8220;0&#8243; header_2_font=&#8220;|600|||||||&#8220;]<\/p>\n<h2>Bewertungsformular<\/h2>\n<p>[\/et_pb_text][dsm_contact_form_7 cf7_library=&#8220;270000&#8243; button_alignment=&#8220;right&#8220; _builder_version=&#8220;4.21.0&#8243; _module_preset=&#8220;default&#8220; labels_font=&#8220;||||||||&#8220; labels_font_size=&#8220;16px&#8220; input_textarea_select_font_size=&#8220;15px&#8220; radio_checkbox_font_size=&#8220;15px&#8220; custom_button_one=&#8220;on&#8220; button_one_text_size=&#8220;25px&#8220; button_one_text_color=&#8220;#114261&#8243; button_one_bg_color=&#8220;RGBA(255,255,255,0)&#8220; button_one_border_width=&#8220;0px&#8220; button_one_border_radius=&#8220;1px&#8220; button_one_font=&#8220;|600|||||||&#8220; custom_margin=&#8220;23px|||||&#8220; border_radii_image=&#8220;on|10px|10px|10px|10px&#8220; global_colors_info=&#8220;{}&#8220;][\/dsm_contact_form_7][\/et_pb_column][\/et_pb_row][\/et_pb_section]<\/p>\n","protected":false},"excerpt":{"rendered":"<p>FahrzeugkaufBei Petrymobil sch\u00e4tzen wir Ihr Fahrzeug kostenlos.Ob es sich um ein neues Fahrzeugkaufprojekt handelt oder einfach nur um eine Sch\u00e4tzung des Werts Ihres Fahrzeugs geht, Petrymobil steht Ihnen zur Verf\u00fcgung. Unsere Experten sch\u00e4tzen den Wert Ihres Fahrzeugs kostenlos und unterbreiten Ihnen dann ein Kaufangebot. Um diese Sch\u00e4tzung zu erhalten, f\u00fcllen Sie bitte das unten stehende Formular aus, und unser Team wird sich bald mit unserer Sch\u00e4tzung und einem R\u00fcckkaufangebot bei Ihnen melden. Nat\u00fcrlich ist dieser Schritt kostenlos und unverbindlich!Bewertungsformular<div class=\"et_pb_module dsm_contact_form_7 dsm_contact_form_7_0\">\n\t\t\t\t\n\t\t\t\t\n\t\t\t\t\n\t\t\t\t\n\t\t\t\t\n\t\t\t\t\n\t\t\t\t<div class=\"et_pb_module_inner\">\n\t\t\t\t\t<div class=\"\">\n\t\t\t\t\n<div class=\"wpcf7 no-js\" id=\"wpcf7-f271375-o1\" lang=\"de-DE\" dir=\"ltr\" data-wpcf7-id=\"271375\">\n<div class=\"screen-reader-response\"><p role=\"status\" aria-live=\"polite\" aria-atomic=\"true\"><\/p> <ul><\/ul><\/div>\n<form action=\"\/de\/wp-json\/wp\/v2\/pages\/270850#wpcf7-f271375-o1\" method=\"post\" class=\"wpcf7-form init\" aria-label=\"Kontaktformular\" enctype=\"multipart\/form-data\" novalidate=\"novalidate\" data-status=\"init\">\n<fieldset class=\"hidden-fields-container\"><input type=\"hidden\" name=\"_wpcf7\" value=\"271375\" \/><input type=\"hidden\" name=\"_wpcf7_version\" value=\"6.1.5\" \/><input type=\"hidden\" name=\"_wpcf7_locale\" value=\"de_DE\" \/><input type=\"hidden\" name=\"_wpcf7_unit_tag\" value=\"wpcf7-f271375-o1\" \/><input type=\"hidden\" name=\"_wpcf7_container_post\" value=\"0\" \/><input type=\"hidden\" name=\"_wpcf7_posted_data_hash\" value=\"\" \/>\n<\/fieldset>\n<h3> Kontaktdetails\n<\/h3>\n<div class=\"contact-form-custom\">\n\t<div class=\"contact-form-field contact-form-field-50\">\n\t\t<p><label>Name & Vorname*<\/label><span class=\"wpcf7-form-control-wrap\" data-name=\"nom\"><input size=\"40\" maxlength=\"400\" class=\"wpcf7-form-control wpcf7-text wpcf7-validates-as-required\" aria-required=\"true\" aria-invalid=\"false\" value=\"\" type=\"text\" name=\"nom\" \/><\/span>\n\t\t<\/p>\n\t<\/div>\n\t<div class=\"contact-form-field contact-form-field-50\">\n\t\t<p><label>Email*<\/label><span class=\"wpcf7-form-control-wrap\" data-name=\"email\"><input size=\"40\" maxlength=\"400\" class=\"wpcf7-form-control wpcf7-email wpcf7-validates-as-required wpcf7-text wpcf7-validates-as-email\" aria-required=\"true\" aria-invalid=\"false\" value=\"\" type=\"email\" name=\"email\" \/><\/span>\n\t\t<\/p>\n\t<\/div>\n\t<div class=\"contact-form-field contact-form-field-50\">\n\t\t<p><label>Telefon*<\/label><span class=\"wpcf7-form-control-wrap\" data-name=\"tel\"><input size=\"40\" maxlength=\"400\" class=\"wpcf7-form-control wpcf7-tel wpcf7-validates-as-required wpcf7-text wpcf7-validates-as-tel\" aria-required=\"true\" aria-invalid=\"false\" value=\"\" type=\"tel\" name=\"tel\" \/><\/span>\n\t\t<\/p>\n\t<\/div>\n\t<div class=\"contact-form-field contact-form-field-50\">\n\t\t<p><label>Betroffene Garage*<\/label><span class=\"wpcf7-form-control-wrap dsm-contact-form-7-select\" data-name=\"Type\"><select class=\"wpcf7-form-control wpcf7-select et_pb_contact_select input\" aria-invalid=\"false\" name=\"Type\"><option value=\"Roost\">Roost<\/option><option value=\"Remerschen\">Remerschen<\/option><option value=\"Junglinster\">Junglinster<\/option><\/select><\/span>\n\t\t<\/p>\n\t<\/div>\n<\/div>\n<h3> Fahrzeugdaten\n<\/h3>\n<div class=\"contact-form-custom\">\n\t<div class=\"contact-form-field contact-form-field-50\">\n\t\t<p><label>Fahrzeugtyp*<\/label><span class=\"wpcf7-form-control-wrap dsm-contact-form-7-select\" data-name=\"Type\"><select class=\"wpcf7-form-control wpcf7-select et_pb_contact_select input\" aria-invalid=\"false\" name=\"Type\"><option value=\"Limousine\">Limousine<\/option><option value=\"Break\">Break<\/option><option value=\"SUV\">SUV<\/option><option value=\"Coup\u00e9\">Coup\u00e9<\/option><option value=\"Cabrio\">Cabrio<\/option><option value=\"Minivan\">Minivan<\/option><option value=\"Stadtauto\">Stadtauto<\/option><option value=\"Andere\">Andere<\/option><\/select><\/span>\n\t\t<\/p>\n\t<\/div>\n\t<div class=\"contact-form-field contact-form-field-50\">\n\t\t<p><label>Marke*<\/label><span class=\"wpcf7-form-control-wrap\" data-name=\"marque\"><input size=\"40\" maxlength=\"400\" class=\"wpcf7-form-control wpcf7-text wpcf7-validates-as-required\" aria-required=\"true\" aria-invalid=\"false\" value=\"\" type=\"text\" name=\"marque\" \/><\/span>\n\t\t<\/p>\n\t<\/div>\n\t<div class=\"contact-form-field contact-form-field-50\">\n\t\t<p><label>Modell*<\/label><span class=\"wpcf7-form-control-wrap\" data-name=\"model\"><input size=\"40\" maxlength=\"400\" class=\"wpcf7-form-control wpcf7-text wpcf7-validates-as-required\" aria-required=\"true\" aria-invalid=\"false\" value=\"\" type=\"text\" name=\"model\" \/><\/span>\n\t\t<\/p>\n\t<\/div>\n\t<div class=\"contact-form-field contact-form-field-50\">\n\t\t<p><label>Fahrgestellnummer*<\/label><span class=\"wpcf7-form-control-wrap\" data-name=\"chassis\"><input size=\"40\" maxlength=\"400\" class=\"wpcf7-form-control wpcf7-text wpcf7-validates-as-required\" aria-required=\"true\" aria-invalid=\"false\" value=\"\" type=\"text\" name=\"chassis\" \/><\/span>\n\t\t<\/p>\n\t<\/div>\n\t<div class=\"contact-form-field contact-form-field-50\">\n\t\t<p><label>Treibstoff*<\/label><span class=\"wpcf7-form-control-wrap dsm-contact-form-7-select\" data-name=\"Type\"><select class=\"wpcf7-form-control wpcf7-select et_pb_contact_select input\" aria-invalid=\"false\" name=\"Type\"><option value=\"Benzin\">Benzin<\/option><option value=\"Diesel\">Diesel<\/option><option value=\"Elektrisch\">Elektrisch<\/option><option value=\"Hybrid\">Hybrid<\/option><option value=\"Ethanol\">Ethanol<\/option><option value=\"Andere\">Andere<\/option><\/select><\/span>\n\t\t<\/p>\n\t<\/div>\n\t<div class=\"contact-form-field contact-form-field-50\">\n\t\t<p><label>Schaltgetriebe*<\/label><span class=\"wpcf7-form-control-wrap dsm-contact-form-7-select\" data-name=\"Type\"><select class=\"wpcf7-form-control wpcf7-select et_pb_contact_select input\" aria-invalid=\"false\" name=\"Type\"><option value=\"Manuell\">Manuell<\/option><option value=\"Automatisch\">Automatisch<\/option><option value=\"Andere\">Andere<\/option><\/select><\/span>\n\t\t<\/p>\n\t<\/div>\n\t<div class=\"contact-form-field contact-form-field-50\">\n\t\t<p><label>Kilometerstand*<\/label><span class=\"wpcf7-form-control-wrap\" data-name=\"kilometrage\"><input size=\"40\" maxlength=\"400\" class=\"wpcf7-form-control wpcf7-text wpcf7-validates-as-required\" aria-required=\"true\" aria-invalid=\"false\" value=\"\" type=\"text\" name=\"kilometrage\" \/><\/span>\n\t\t<\/p>\n\t<\/div>\n\t<div class=\"contact-form-field contact-form-field-50\">\n\t\t<p><label>Zylinder*<\/label><span class=\"wpcf7-form-control-wrap\" data-name=\"cylindree\"><input size=\"40\" maxlength=\"400\" class=\"wpcf7-form-control wpcf7-text wpcf7-validates-as-required\" aria-required=\"true\" aria-invalid=\"false\" value=\"\" type=\"text\" name=\"cylindree\" \/><\/span>\n\t\t<\/p>\n\t<\/div>\n\t<div class=\"contact-form-field contact-form-field-50\">\n\t\t<p><label>Leistung (HP)*<\/label><span class=\"wpcf7-form-control-wrap\" data-name=\"puissanceps\"><input size=\"40\" maxlength=\"400\" class=\"wpcf7-form-control wpcf7-text wpcf7-validates-as-required\" aria-required=\"true\" aria-invalid=\"false\" value=\"\" type=\"text\" name=\"puissanceps\" \/><\/span>\n\t\t<\/p>\n\t<\/div>\n\t<div class=\"contact-form-field contact-form-field-50\">\n\t\t<p><label>Leistung (KW)*<\/label><span class=\"wpcf7-form-control-wrap\" data-name=\"puissancekw\"><input size=\"40\" maxlength=\"400\" class=\"wpcf7-form-control wpcf7-text wpcf7-validates-as-required\" aria-required=\"true\" aria-invalid=\"false\" value=\"\" type=\"text\" name=\"puissancekw\" \/><\/span>\n\t\t<\/p>\n\t<\/div>\n\t<div class=\"contact-form-field contact-form-field-50\">\n\t\t<p><label>Datum der Erstzulassung*.<\/label><span class=\"wpcf7-form-control-wrap\" data-name=\"premiereimat\"><input size=\"40\" maxlength=\"400\" class=\"wpcf7-form-control wpcf7-text wpcf7-validates-as-required\" aria-required=\"true\" aria-invalid=\"false\" value=\"\" type=\"text\" name=\"premiereimat\" \/><\/span>\n\t\t<\/p>\n\t<\/div>\n\t<div class=\"contact-form-field contact-form-field-50\">\n\t\t<p><label>Fotos<\/label><span class=\"wpcf7-form-control-wrap\" data-name=\"choisissezunfichier\"><input size=\"40\" class=\"wpcf7-form-control wpcf7-file\" accept=\"audio\/*,video\/*,image\/*\" aria-invalid=\"false\" type=\"file\" name=\"choisissezunfichier\" \/><\/span>\n\t\t<\/p>\n\t<\/div>\n<\/div>\n<div class=\"contact-form-field contact-form-checkbox\">\n\t<p><span class=\"wpcf7-form-control-wrap\" data-name=\"checkbox\"><span class=\"wpcf7-form-control wpcf7-checkbox wpcf7-validates-as-required\"><span class=\"wpcf7-list-item first last\"><input type=\"checkbox\" name=\"checkbox[]\" value=\"*Indem Sie dieses K\u00e4stchen ankreuzen, best\u00e4tigen Sie, dass Sie die Richtlinien zur Verarbeitung\/Speicherung Ihrer personenbezogenen Daten zur Kenntnis genommen haben.\" \/><span class=\"wpcf7-list-item-label\">*Indem Sie dieses K\u00e4stchen ankreuzen, best\u00e4tigen Sie, dass Sie die Richtlinien zur Verarbeitung\/Speicherung Ihrer personenbezogenen Daten zur Kenntnis genommen haben.<\/span><\/span><\/span><\/span>\n\t<\/p>\n<\/div>\n<div class=\"contact-form-submit\">\n\t<p><button class=\"wpcf7-form-control wpcf7-submit has-spinner et_pb_button et_pb_bg_layout_light\" type=\"submit\" value=\"Senden\">Senden<\/button>\n\t<\/p>\n<\/div>\n<style>\n .contact-form-custom {\n display: flex;\n flex-wrap: wrap;\n justify-content: space-between;\n width: 100%;\n }\n\n .contact-form-field, .contact-form-submit {\n width: 100%;\n margin-bottom: 15px;\n }\n\n .contact-form-field-50 {\n width: 49%;\n }\n\n .contact-form-field p {\n text-align: start !important;\n }\n\n @media screen and (max-width: 768px) {\n .contact-form-field-50 {\n width: 100%;\n }\n }\n<\/style><div class=\"wpcf7-response-output\" aria-hidden=\"true\"><\/div>\n<\/form>\n<\/div>\n\n\t\t\t<\/div>\n\t\t\t\t<\/div>\n\t\t\t<\/div><\/p>\n","protected":false},"author":1,"featured_media":0,"parent":0,"menu_order":0,"comment_status":"closed","ping_status":"closed","template":"","meta":{"_acf_changed":false,"_et_pb_use_builder":"on","_et_pb_old_content":"","_et_gb_content_width":"","footnotes":""},"class_list":["post-270850","page","type-page","status-publish","hentry"],"acf":[],"_links":{"self":[{"href":"https:\/\/petrymobil.lu\/de\/wp-json\/wp\/v2\/pages\/270850","targetHints":{"allow":["GET"]}}],"collection":[{"href":"https:\/\/petrymobil.lu\/de\/wp-json\/wp\/v2\/pages"}],"about":[{"href":"https:\/\/petrymobil.lu\/de\/wp-json\/wp\/v2\/types\/page"}],"author":[{"embeddable":true,"href":"https:\/\/petrymobil.lu\/de\/wp-json\/wp\/v2\/users\/1"}],"replies":[{"embeddable":true,"href":"https:\/\/petrymobil.lu\/de\/wp-json\/wp\/v2\/comments?post=270850"}],"version-history":[{"count":0,"href":"https:\/\/petrymobil.lu\/de\/wp-json\/wp\/v2\/pages\/270850\/revisions"}],"wp:attachment":[{"href":"https:\/\/petrymobil.lu\/de\/wp-json\/wp\/v2\/media?parent=270850"}],"curies":[{"name":"wp","href":"https:\/\/api.w.org\/{rel}","templated":true}]}}