{"id":270998,"date":"2023-10-09T09:32:40","date_gmt":"2023-10-09T07:32:40","guid":{"rendered":"https:\/\/petrymobil.lu\/unsere-services\/"},"modified":"2023-12-21T20:06:53","modified_gmt":"2023-12-21T19:06:53","slug":"unsere-services","status":"publish","type":"page","link":"https:\/\/petrymobil.lu\/de\/unsere-services\/","title":{"rendered":"Unsere Services"},"content":{"rendered":"<p>[et_pb_section fb_built=&#8220;1&#8243; _builder_version=&#8220;4.21.0&#8243; _module_preset=&#8220;default&#8220; background_image=&#8220;https:\/\/petrymobil.lu\/wp-content\/uploads\/2023\/07\/Petrymobil-apropos-hero.jpg&#8220; custom_margin=&#8220;2%|2.3%||2.3%|false|true&#8220; border_radii=&#8220;on|10px|10px|10px|10px&#8220; global_colors_info=&#8220;{}&#8220;][et_pb_row _builder_version=&#8220;4.21.0&#8243; _module_preset=&#8220;default&#8220; width=&#8220;100%&#8220; max_width=&#8220;100%&#8220; custom_margin=&#8220;||||false|false&#8220; global_colors_info=&#8220;{}&#8220;][et_pb_column type=&#8220;4_4&#8243; _builder_version=&#8220;4.21.0&#8243; _module_preset=&#8220;default&#8220; global_colors_info=&#8220;{}&#8220;][et_pb_text _builder_version=&#8220;4.21.0&#8243; _module_preset=&#8220;default&#8220; text_font=&#8220;Lato|700|||||||&#8220; text_text_color=&#8220;#FFFFFF&#8220; text_font_size=&#8220;56px&#8220; custom_margin=&#8220;|||13%|false|false&#8220; hover_enabled=&#8220;0&#8243; global_colors_info=&#8220;{}&#8220; sticky_enabled=&#8220;0&#8243; header_text_color=&#8220;#FFFFFF&#8220; header_font=&#8220;|600|||||||&#8220; header_font_size=&#8220;50px&#8220; header_font_size_last_edited=&#8220;on|phone&#8220; header_font_size_phone=&#8220;30px&#8220; header_font_size_tablet=&#8220;50px&#8220;]<\/p>\n<h1>Die Petrymobil-Dienstleistungen<\/h1>\n<p>[\/et_pb_text][et_pb_text _builder_version=&#8220;4.21.0&#8243; _module_preset=&#8220;default&#8220; text_font=&#8220;Poppins|500|||||||&#8220; text_text_color=&#8220;#FFFFFF&#8220; text_font_size=&#8220;22px&#8220; custom_margin=&#8220;|45%||13%|false|false&#8220; hover_enabled=&#8220;0&#8243; global_colors_info=&#8220;{}&#8220; custom_margin_last_edited=&#8220;on|tablet&#8220; custom_margin_phone=&#8220;|13%||13%|false|true&#8220; sticky_enabled=&#8220;0&#8243; text_font_size_last_edited=&#8220;on|tablet&#8220; text_font_size_phone=&#8220;20px&#8220; custom_margin_tablet=&#8220;|13%|||false|false&#8220; text_font_size_tablet=&#8220;22px&#8220;]<\/p>\n<p>F\u00fcr die Wartung Ihres Fahrzeugs, unabh\u00e4ngig von der Marke, sowie der Reifen und der Karosserie k\u00f6nnen Sie sich gerne an uns wenden.<\/p>\n<p>[\/et_pb_text][et_pb_button button_url=&#8220;@ET-DC@eyJkeW5hbWljIjp0cnVlLCJjb250ZW50IjoicG9zdF9saW5rX3VybF9wYWdlIiwic2V0dGluZ3MiOnsicG9zdF9pZCI6IjUxNTQifX0=@&#8220; button_text=&#8220;Kontact&#8220; _builder_version=&#8220;4.21.0&#8243; _dynamic_attributes=&#8220;button_url&#8220; _module_preset=&#8220;default&#8220; custom_button=&#8220;on&#8220; button_text_size=&#8220;18px&#8220; button_text_color=&#8220;#FFFFFF&#8220; button_border_width=&#8220;1px&#8220; button_border_radius=&#8220;10px&#8220; custom_margin=&#8220;|8%|5%|13%|false|false&#8220; custom_padding=&#8220;0px||0px||true|false&#8220; hover_enabled=&#8220;0&#8243; global_colors_info=&#8220;{}&#8220; sticky_enabled=&#8220;0&#8243;][\/et_pb_button][\/et_pb_column][\/et_pb_row][\/et_pb_section][et_pb_section fb_built=&#8220;1&#8243; _builder_version=&#8220;4.21.0&#8243; _module_preset=&#8220;default&#8220; custom_margin=&#8220;0px|2%||2%|false|true&#8220; custom_padding=&#8220;2px||0px|||&#8220; global_colors_info=&#8220;{}&#8220;][et_pb_row column_structure=&#8220;1_2,1_2&#8243; use_custom_gutter=&#8220;on&#8220; gutter_width=&#8220;1&#8243; make_equal=&#8220;on&#8220; module_id=&#8220;mecanique&#8220; _builder_version=&#8220;4.21.0&#8243; _module_preset=&#8220;default&#8220; width=&#8220;100%&#8220; max_width=&#8220;100%&#8220; custom_padding=&#8220;4px||10px|||&#8220; hover_enabled=&#8220;0&#8243; global_colors_info=&#8220;{}&#8220; sticky_enabled=&#8220;0&#8243;][et_pb_column type=&#8220;1_2&#8243; _builder_version=&#8220;4.21.0&#8243; _module_preset=&#8220;default&#8220; background_color=&#8220;#f3f4f6&#8243; background_enable_image=&#8220;off&#8220; custom_padding=&#8220;3%||3%||true|false&#8220; border_radii=&#8220;off|10px|||10px&#8220; global_colors_info=&#8220;{}&#8220;][et_pb_text _builder_version=&#8220;4.21.0&#8243; _module_preset=&#8220;default&#8220; text_font=&#8220;|600|||||||&#8220; text_text_color=&#8220;#2d4160&#8243; text_font_size=&#8220;40px&#8220; text_line_height=&#8220;1.2em&#8220; custom_padding=&#8220;8%|8%|3%|8%|false|true&#8220; hover_enabled=&#8220;0&#8243; global_colors_info=&#8220;{}&#8220; sticky_enabled=&#8220;0&#8243; header_2_font=&#8220;|600|||||||&#8220; header_2_font_size=&#8220;30px&#8220;]<\/p>\n<h2>Mechanik<\/h2>\n<p>[\/et_pb_text][et_pb_text _builder_version=&#8220;4.21.0&#8243; _module_preset=&#8220;default&#8220; text_font=&#8220;Poppins||||||||&#8220; text_text_color=&#8220;#2d4160&#8243; custom_margin=&#8220;|8%||8%|false|true&#8220; custom_padding=&#8220;||8%||false|false&#8220; global_colors_info=&#8220;{}&#8220;]<\/p>\n<p>Bei Petrymobil erwarten Sie un\u00fcbertroffene Fachkenntnisse im Bereich der Automechanik. Wir stellen Ihnen verschiedene Teams zur Verf\u00fcgung, die jeweils auf eine bestimmte Marke von Personenkraftwagen spezialisiert sind. So profitieren Sie von einem einzigartigen und dynamischen Know-how bei der Durchf\u00fchrung aller Leistungen.<\/p>\n<p>[\/et_pb_text][et_pb_button button_url=&#8220;@ET-DC@eyJkeW5hbWljIjp0cnVlLCJjb250ZW50IjoicG9zdF9saW5rX3VybF9wYWdlIiwic2V0dGluZ3MiOnsicG9zdF9pZCI6IjUxNTQifX0=@&#8220; button_text=&#8220;Einen Termin anfragen&#8220; _builder_version=&#8220;4.21.0&#8243; _dynamic_attributes=&#8220;button_url&#8220; _module_preset=&#8220;default&#8220; custom_button=&#8220;on&#8220; button_text_size=&#8220;18px&#8220; button_text_color=&#8220;#2d4160&#8243; button_border_width=&#8220;1px&#8220; button_border_radius=&#8220;10px&#8220; button_font=&#8220;|600|||||||&#8220; custom_margin=&#8220;|8%|8%|8%|false|true&#8220; custom_padding=&#8220;0px||0px||true|false&#8220; global_colors_info=&#8220;{}&#8220;][\/et_pb_button][\/et_pb_column][et_pb_column type=&#8220;1_2&#8243; _builder_version=&#8220;4.21.0&#8243; _module_preset=&#8220;default&#8220; background_image=&#8220;https:\/\/petrymobil.lu\/wp-content\/uploads\/2023\/07\/Petrymobil-menu-mecanique.jpg&#8220; hover_enabled=&#8220;0&#8243; border_radii=&#8220;off||10px|10px|&#8220; global_colors_info=&#8220;{}&#8220; disabled_on=&#8220;on|on|off&#8220; sticky_enabled=&#8220;0&#8243;][\/et_pb_column][\/et_pb_row][\/et_pb_section][et_pb_section fb_built=&#8220;1&#8243; _builder_version=&#8220;4.21.0&#8243; _module_preset=&#8220;default&#8220; custom_margin=&#8220;0px|2%||2%|false|true&#8220; custom_padding=&#8220;2px||0px|||&#8220; global_colors_info=&#8220;{}&#8220;][et_pb_row column_structure=&#8220;1_2,1_2&#8243; use_custom_gutter=&#8220;on&#8220; gutter_width=&#8220;1&#8243; make_equal=&#8220;on&#8220; module_id=&#8220;carrosserie&#8220; _builder_version=&#8220;4.21.0&#8243; _module_preset=&#8220;default&#8220; width=&#8220;100%&#8220; max_width=&#8220;100%&#8220; custom_padding=&#8220;||10px|||&#8220; hover_enabled=&#8220;0&#8243; global_colors_info=&#8220;{}&#8220; sticky_enabled=&#8220;0&#8243;][et_pb_column type=&#8220;1_2&#8243; _builder_version=&#8220;4.21.0&#8243; _module_preset=&#8220;default&#8220; background_image=&#8220;https:\/\/petrymobil.lu\/wp-content\/uploads\/2023\/07\/Petrymobil-menu-carrosserie.jpg&#8220; hover_enabled=&#8220;0&#8243; border_radii=&#8220;off|10px|||10px&#8220; global_colors_info=&#8220;{}&#8220; disabled_on=&#8220;on|on|off&#8220; sticky_enabled=&#8220;0&#8243;][\/et_pb_column][et_pb_column type=&#8220;1_2&#8243; _builder_version=&#8220;4.21.0&#8243; _module_preset=&#8220;default&#8220; background_color=&#8220;#0f4162&#8243; background_enable_image=&#8220;off&#8220; custom_padding=&#8220;3%||3%||true|false&#8220; border_radii=&#8220;off||10px|10px|&#8220; global_colors_info=&#8220;{}&#8220;][et_pb_text _builder_version=&#8220;4.21.0&#8243; _module_preset=&#8220;default&#8220; text_font=&#8220;|600|||||||&#8220; text_text_color=&#8220;#2d4160&#8243; text_font_size=&#8220;40px&#8220; text_line_height=&#8220;1.2em&#8220; custom_padding=&#8220;8%|8%|3%|8%|false|true&#8220; global_colors_info=&#8220;{}&#8220; sticky_enabled=&#8220;0&#8243; header_2_font=&#8220;|600|||||||&#8220; header_2_font_size=&#8220;30px&#8220; header_2_text_color=&#8220;#FFFFFF&#8220; hover_enabled=&#8220;0&#8243;]<\/p>\n<h2>Karosserie<\/h2>\n<p>[\/et_pb_text][et_pb_text _builder_version=&#8220;4.21.0&#8243; _module_preset=&#8220;default&#8220; text_font=&#8220;Poppins||||||||&#8220; text_text_color=&#8220;#FFFFFF&#8220; custom_margin=&#8220;|8%||8%|false|true&#8220; custom_padding=&#8220;||8%||false|false&#8220; global_colors_info=&#8220;{}&#8220;]<\/p>\n<p>Profitieren Sie von hochkar\u00e4tigem technischen und mechanischen Fachwissen im Karosseriebau. Zu unseren Dienstleistungen geh\u00f6ren Karosseriearbeiten f\u00fcr Fahrzeuge, Karosserielackierung, Wartung und Wechsel von Zubeh\u00f6r, Ausr\u00fcstung und Zubeh\u00f6r f\u00fcr Kraftfahrzeuge sowie Ausbeulen.<\/p>\n<p><em>Wussten Sie das? Unsere Karosseriewerkstatt befindet sich in Remerschen, aber Sie k\u00f6nnen Ihr Fahrzeug in jeder Petrymobil-Werkstatt abgeben, wir k\u00fcmmern uns direkt vor Ort um den Transport.<\/em><\/p>\n<p>[\/et_pb_text][et_pb_button button_url=&#8220;@ET-DC@eyJkeW5hbWljIjp0cnVlLCJjb250ZW50IjoicG9zdF9saW5rX3VybF9wYWdlIiwic2V0dGluZ3MiOnsicG9zdF9pZCI6IjUxNTQifX0=@&#8220; button_text=&#8220;Einen Termin anfragen&#8220; _builder_version=&#8220;4.21.0&#8243; _dynamic_attributes=&#8220;button_url&#8220; _module_preset=&#8220;default&#8220; custom_button=&#8220;on&#8220; button_text_size=&#8220;18px&#8220; button_text_color=&#8220;#FFFFFF&#8220; button_border_width=&#8220;1px&#8220; button_border_radius=&#8220;10px&#8220; custom_margin=&#8220;|8%|8%|8%|false|true&#8220; custom_padding=&#8220;0px||0px||true|false&#8220; global_colors_info=&#8220;{}&#8220;][\/et_pb_button][\/et_pb_column][\/et_pb_row][\/et_pb_section][et_pb_section fb_built=&#8220;1&#8243; _builder_version=&#8220;4.21.0&#8243; _module_preset=&#8220;default&#8220; custom_margin=&#8220;0px|2%||2%|false|true&#8220; custom_padding=&#8220;2px||0px|||&#8220; global_colors_info=&#8220;{}&#8220;][et_pb_row column_structure=&#8220;1_2,1_2&#8243; use_custom_gutter=&#8220;on&#8220; gutter_width=&#8220;1&#8243; make_equal=&#8220;on&#8220; module_id=&#8220;utilitaire&#8220; _builder_version=&#8220;4.21.0&#8243; _module_preset=&#8220;default&#8220; width=&#8220;100%&#8220; max_width=&#8220;100%&#8220; custom_padding=&#8220;4px||10px|||&#8220; hover_enabled=&#8220;0&#8243; global_colors_info=&#8220;{}&#8220; sticky_enabled=&#8220;0&#8243;][et_pb_column type=&#8220;1_2&#8243; _builder_version=&#8220;4.21.0&#8243; _module_preset=&#8220;default&#8220; background_color=&#8220;#f3f4f6&#8243; background_enable_image=&#8220;off&#8220; custom_padding=&#8220;3%||3%||true|false&#8220; border_radii=&#8220;off|10px|||10px&#8220; global_colors_info=&#8220;{}&#8220;][et_pb_text _builder_version=&#8220;4.21.0&#8243; _module_preset=&#8220;default&#8220; text_font=&#8220;|600|||||||&#8220; text_text_color=&#8220;#2d4160&#8243; text_font_size=&#8220;40px&#8220; text_line_height=&#8220;1.2em&#8220; custom_padding=&#8220;8%|8%|3%|8%|false|true&#8220; global_colors_info=&#8220;{}&#8220; sticky_enabled=&#8220;0&#8243; header_2_font=&#8220;|600|||||||&#8220; header_2_font_size=&#8220;30px&#8220;]<\/p>\n<h2>Werkstatt f\u00fcr Nutzfahrzeuge<\/h2>\n<p>[\/et_pb_text][et_pb_text _builder_version=&#8220;4.21.0&#8243; _module_preset=&#8220;default&#8220; text_font=&#8220;Poppins||||||||&#8220; text_text_color=&#8220;#2d4160&#8243; custom_margin=&#8220;|8%||8%|false|true&#8220; custom_padding=&#8220;||8%||false|false&#8220; global_colors_info=&#8220;{}&#8220;]<\/p>\n<p>Nutzfahrzeuge haben sehr spezifische Bed\u00fcrfnisse. Deshalb widmen wir ihnen eine ganz eigene Werkstatt, die mit modernster Technik ausgestattet ist, um optimale Leistungen zu erbringen.<\/p>\n<p>[\/et_pb_text][et_pb_button button_url=&#8220;@ET-DC@eyJkeW5hbWljIjp0cnVlLCJjb250ZW50IjoicG9zdF9saW5rX3VybF9wYWdlIiwic2V0dGluZ3MiOnsicG9zdF9pZCI6IjUxNTQifX0=@&#8220; button_text=&#8220;Einen Termin anfragen&#8220; _builder_version=&#8220;4.21.0&#8243; _dynamic_attributes=&#8220;button_url&#8220; _module_preset=&#8220;default&#8220; custom_button=&#8220;on&#8220; button_text_size=&#8220;18px&#8220; button_text_color=&#8220;#2d4160&#8243; button_border_width=&#8220;1px&#8220; button_border_radius=&#8220;10px&#8220; button_font=&#8220;|600|||||||&#8220; custom_margin=&#8220;|8%|8%|8%|false|true&#8220; custom_padding=&#8220;0px||0px||true|false&#8220; global_colors_info=&#8220;{}&#8220;][\/et_pb_button][\/et_pb_column][et_pb_column type=&#8220;1_2&#8243; _builder_version=&#8220;4.21.0&#8243; _module_preset=&#8220;default&#8220; background_image=&#8220;https:\/\/petrymobil.lu\/wp-content\/uploads\/2023\/07\/Petrymobil-menu-preparation-utilitaire.jpg&#8220; hover_enabled=&#8220;0&#8243; border_radii=&#8220;off||10px|10px|&#8220; global_colors_info=&#8220;{}&#8220; disabled_on=&#8220;on|on|off&#8220; sticky_enabled=&#8220;0&#8243;][\/et_pb_column][\/et_pb_row][\/et_pb_section][et_pb_section fb_built=&#8220;1&#8243; _builder_version=&#8220;4.21.0&#8243; _module_preset=&#8220;default&#8220; custom_margin=&#8220;0px|2%||2%|false|true&#8220; custom_padding=&#8220;2px||0px|||&#8220; global_colors_info=&#8220;{}&#8220;][et_pb_row column_structure=&#8220;1_2,1_2&#8243; use_custom_gutter=&#8220;on&#8220; gutter_width=&#8220;1&#8243; make_equal=&#8220;on&#8220; module_id=&#8220;pneumatique&#8220; _builder_version=&#8220;4.21.0&#8243; _module_preset=&#8220;default&#8220; width=&#8220;100%&#8220; max_width=&#8220;100%&#8220; custom_padding=&#8220;||10px|||&#8220; hover_enabled=&#8220;0&#8243; global_colors_info=&#8220;{}&#8220; sticky_enabled=&#8220;0&#8243;][et_pb_column type=&#8220;1_2&#8243; _builder_version=&#8220;4.21.0&#8243; _module_preset=&#8220;default&#8220; background_image=&#8220;https:\/\/petrymobil.lu\/wp-content\/uploads\/2023\/07\/Petrymobil-menu-pneumatique.jpg&#8220; hover_enabled=&#8220;0&#8243; border_radii=&#8220;off|10px|||10px&#8220; global_colors_info=&#8220;{}&#8220; disabled_on=&#8220;on|on|off&#8220; sticky_enabled=&#8220;0&#8243;][\/et_pb_column][et_pb_column type=&#8220;1_2&#8243; _builder_version=&#8220;4.21.0&#8243; _module_preset=&#8220;default&#8220; background_color=&#8220;#0f4162&#8243; background_enable_image=&#8220;off&#8220; custom_padding=&#8220;3%||3%||true|false&#8220; border_radii=&#8220;off||10px|10px|&#8220; global_colors_info=&#8220;{}&#8220;][et_pb_text module_id=&#8220;pneumatique&#8220; _builder_version=&#8220;4.21.0&#8243; _module_preset=&#8220;default&#8220; text_font=&#8220;|600|||||||&#8220; text_text_color=&#8220;#2d4160&#8243; custom_padding=&#8220;8%|8%|3%|8%|false|true&#8220; global_colors_info=&#8220;{}&#8220; sticky_enabled=&#8220;0&#8243; header_2_text_color=&#8220;#FFFFFF&#8220; text_font_size=&#8220;40px&#8220; text_line_height=&#8220;1.2em&#8220; header_2_font=&#8220;|600|||||||&#8220; header_2_font_size=&#8220;30px&#8220;]<\/p>\n<h2>Reifen<\/h2>\n<p>[\/et_pb_text][et_pb_text _builder_version=&#8220;4.21.0&#8243; _module_preset=&#8220;default&#8220; text_font=&#8220;Poppins||||||||&#8220; text_text_color=&#8220;#FFFFFF&#8220; custom_margin=&#8220;|8%||8%|false|true&#8220; custom_padding=&#8220;||8%||false|false&#8220; global_colors_info=&#8220;{}&#8220;]<\/p>\n<p>Unsere Reifenspezialisten k\u00f6nnen Ihre Winter- oder Sommerreifen waschen, montieren, auswuchten, aufpumpen, Fehler beheben, pflegen und reparieren. Wir k\u00f6nnen Ihnen Ersatzleistungen f\u00fcr besch\u00e4digte Reifen anbieten, wir sind Partner der renommiertesten Reifenlieferanten auf dem Markt.<\/p>\n<p>[\/et_pb_text][et_pb_button button_url=&#8220;@ET-DC@eyJkeW5hbWljIjp0cnVlLCJjb250ZW50IjoicG9zdF9saW5rX3VybF9wYWdlIiwic2V0dGluZ3MiOnsicG9zdF9pZCI6IjUxNTQifX0=@&#8220; button_text=&#8220;Einen Termin anfragen&#8220; _builder_version=&#8220;4.21.0&#8243; _dynamic_attributes=&#8220;button_url&#8220; _module_preset=&#8220;default&#8220; custom_button=&#8220;on&#8220; button_text_size=&#8220;18px&#8220; button_text_color=&#8220;#FFFFFF&#8220; button_border_width=&#8220;1px&#8220; button_border_radius=&#8220;10px&#8220; custom_margin=&#8220;|8%|8%|8%|false|true&#8220; custom_padding=&#8220;0px||0px||true|false&#8220; global_colors_info=&#8220;{}&#8220;][\/et_pb_button][\/et_pb_column][\/et_pb_row][\/et_pb_section][et_pb_section fb_built=&#8220;1&#8243; _builder_version=&#8220;4.21.0&#8243; _module_preset=&#8220;default&#8220; global_colors_info=&#8220;{}&#8220;][et_pb_row column_structure=&#8220;1_2,1_2&#8243; module_class=&#8220;tbvs-blurb&#8220; _builder_version=&#8220;4.21.0&#8243; _module_preset=&#8220;default&#8220; width=&#8220;90%&#8220; max_width=&#8220;80%&#8220; global_colors_info=&#8220;{}&#8220;][et_pb_column type=&#8220;1_2&#8243; _builder_version=&#8220;4.16&#8243; _module_preset=&#8220;default&#8220; global_colors_info=&#8220;{}&#8220;][et_pb_blurb title=&#8220;Wartungsvertr\u00e4ge&#8220; use_icon=&#8220;on&#8220; font_icon=&#8220;&#xf1b9;||fa||900&#8243; icon_color=&#8220;#FFFFFF&#8220; image_icon_background_color=&#8220;#124261&#8243; image_icon_width=&#8220;20px&#8220; icon_alignment=&#8220;left&#8220; module_class=&#8220;tbvs-blurb&#8220; _builder_version=&#8220;4.21.0&#8243; _module_preset=&#8220;default&#8220; header_font=&#8220;Lato|900|||||||&#8220; header_text_color=&#8220;#8a6e62&#8243; header_font_size=&#8220;20px&#8220; body_font=&#8220;Poppins||||||||&#8220; body_text_color=&#8220;#333333&#8243; body_font_size=&#8220;15px&#8220; image_icon_custom_padding=&#8220;25px|25px|25px|25px|false|false&#8220; hover_enabled=&#8220;0&#8243; border_radii_image=&#8220;on|100%|100%|100%|100%&#8220; icon_font_size=&#8220;30px&#8220; use_circle=&#8220;on&#8220; circle_color=&#8220;#0000FF&#8220; global_colors_info=&#8220;{}&#8220; image_icon_background_color__sticky_enabled=&#8220;#7EBEC5&#8243; image_icon_background_color__sticky=&#8220;#7EBEC5&#8243; header_level=&#8220;h3&#8243; sticky_enabled=&#8220;0&#8243;]<\/p>\n<p>Petrymobil bietet Ihnen die M\u00f6glichkeit, einen monatlichen Wartungsvertrag in Anspruch zu nehmen, der auf Ihre Bed\u00fcrfnisse zugeschnitten werden kann. Der Wartungsvertrag kann die Inspektion Ihres Fahrzeugs, der Klimaanlage, der Beleuchtung, der Bremsen, der Scheibenwischerbl\u00e4tter und vieles mehr umfassen.<\/p>\n<p>[\/et_pb_blurb][\/et_pb_column][et_pb_column type=&#8220;1_2&#8243; _builder_version=&#8220;4.16&#8243; _module_preset=&#8220;default&#8220; global_colors_info=&#8220;{}&#8220;][et_pb_blurb title=&#8220;Erweiterungen der Garantie&#8220; use_icon=&#8220;on&#8220; font_icon=&#8220;&#xf085;||fa||900&#8243; icon_color=&#8220;#FFFFFF&#8220; image_icon_background_color=&#8220;#124261&#8243; image_icon_width=&#8220;20px&#8220; icon_alignment=&#8220;left&#8220; module_class=&#8220;tbvs-blurb&#8220; _builder_version=&#8220;4.21.0&#8243; _module_preset=&#8220;default&#8220; header_font=&#8220;Lato|900|||||||&#8220; header_text_color=&#8220;#8a6e62&#8243; header_font_size=&#8220;20px&#8220; body_font=&#8220;Poppins||||||||&#8220; body_text_color=&#8220;#333333&#8243; body_font_size=&#8220;15px&#8220; image_icon_custom_padding=&#8220;25px|25px|25px|25px|false|false&#8220; hover_enabled=&#8220;0&#8243; border_radii_image=&#8220;on|100%|100%|100%|100%&#8220; icon_font_size=&#8220;30px&#8220; use_circle=&#8220;on&#8220; circle_color=&#8220;#0000FF&#8220; global_colors_info=&#8220;{}&#8220; image_icon_background_color__sticky_enabled=&#8220;#7EBEC5&#8243; image_icon_background_color__sticky=&#8220;#7EBEC5&#8243; header_level=&#8220;h3&#8243; sticky_enabled=&#8220;0&#8243;]<\/p>\n<p>Bei Petrymobil entscheiden Sie sich f\u00fcr eine Garantieverl\u00e4ngerung, mit der Sie einen umfassenden Schutz f\u00fcr Ihr Auto erhalten und Leistungen, die der Werks- oder Herstellergarantie v\u00f6llig gleichwertig sind und viele Vorteile beim Leasing garantieren.<\/p>\n<p>[\/et_pb_blurb][\/et_pb_column][\/et_pb_row][\/et_pb_section]<\/p>\n","protected":false},"excerpt":{"rendered":"<p>Die Petrymobil-DienstleistungenF\u00fcr die Wartung Ihres Fahrzeugs, unabh\u00e4ngig von der Marke, sowie der Reifen und der Karosserie k\u00f6nnen Sie sich gerne an uns wenden.MechanikBei Petrymobil erwarten Sie un\u00fcbertroffene Fachkenntnisse im Bereich der Automechanik. Wir stellen Ihnen verschiedene Teams zur Verf\u00fcgung, die jeweils auf eine bestimmte Marke von Personenkraftwagen spezialisiert sind. So profitieren Sie von einem einzigartigen und dynamischen Know-how bei der Durchf\u00fchrung aller Leistungen.KarosserieProfitieren Sie von hochkar\u00e4tigem technischen und mechanischen Fachwissen im Karosseriebau. Zu unseren Dienstleistungen geh\u00f6ren Karosseriearbeiten f\u00fcr Fahrzeuge, Karosserielackierung, Wartung und Wechsel von Zubeh\u00f6r, Ausr\u00fcstung und Zubeh\u00f6r f\u00fcr Kraftfahrzeuge sowie Ausbeulen. Wussten Sie das? Unsere Karosseriewerkstatt befindet sich in Remerschen, aber Sie k\u00f6nnen Ihr Fahrzeug in jeder Petrymobil-Werkstatt abgeben, wir k\u00fcmmern uns direkt vor Ort um den Transport.Werkstatt f\u00fcr NutzfahrzeugeNutzfahrzeuge haben sehr spezifische Bed\u00fcrfnisse. Deshalb widmen wir ihnen eine ganz eigene Werkstatt, die mit modernster Technik ausgestattet ist, um optimale Leistungen zu erbringen.ReifenUnsere Reifenspezialisten k\u00f6nnen Ihre Winter- oder Sommerreifen waschen, montieren, auswuchten, aufpumpen, Fehler beheben, pflegen und reparieren. Wir k\u00f6nnen Ihnen Ersatzleistungen f\u00fcr besch\u00e4digte Reifen anbieten, wir sind Partner der renommiertesten Reifenlieferanten auf dem Markt.Petrymobil bietet Ihnen die M\u00f6glichkeit, einen monatlichen Wartungsvertrag in Anspruch zu nehmen, der auf Ihre Bed\u00fcrfnisse zugeschnitten werden kann. Der Wartungsvertrag kann die Inspektion Ihres [&hellip;]<\/p>\n","protected":false},"author":1,"featured_media":0,"parent":0,"menu_order":0,"comment_status":"closed","ping_status":"closed","template":"","meta":{"_acf_changed":false,"_et_pb_use_builder":"on","_et_pb_old_content":"","_et_gb_content_width":"","footnotes":""},"class_list":["post-270998","page","type-page","status-publish","hentry"],"acf":[],"_links":{"self":[{"href":"https:\/\/petrymobil.lu\/de\/wp-json\/wp\/v2\/pages\/270998","targetHints":{"allow":["GET"]}}],"collection":[{"href":"https:\/\/petrymobil.lu\/de\/wp-json\/wp\/v2\/pages"}],"about":[{"href":"https:\/\/petrymobil.lu\/de\/wp-json\/wp\/v2\/types\/page"}],"author":[{"embeddable":true,"href":"https:\/\/petrymobil.lu\/de\/wp-json\/wp\/v2\/users\/1"}],"replies":[{"embeddable":true,"href":"https:\/\/petrymobil.lu\/de\/wp-json\/wp\/v2\/comments?post=270998"}],"version-history":[{"count":0,"href":"https:\/\/petrymobil.lu\/de\/wp-json\/wp\/v2\/pages\/270998\/revisions"}],"wp:attachment":[{"href":"https:\/\/petrymobil.lu\/de\/wp-json\/wp\/v2\/media?parent=270998"}],"curies":[{"name":"wp","href":"https:\/\/api.w.org\/{rel}","templated":true}]}}